{"id":50,"date":"2026-02-24T16:08:08","date_gmt":"2026-02-24T09:08:08","guid":{"rendered":"https:\/\/keonhacai5.immo\/?page_id=50"},"modified":"2026-03-01T16:15:08","modified_gmt":"2026-03-01T09:15:08","slug":"livescore-keonhacai5","status":"publish","type":"page","link":"https:\/\/www.keonhacai5.immo\/vi-vn\/livescore-keonhacai5\/","title":{"rendered":"Livescore KEONHACAI5 &#8211; Theo D\u00f5i T\u1ef7 S\u1ed1 B\u00f3ng \u0110\u00e1 Tr\u1ef1c Tuy\u1ebfn"},"content":{"rendered":"<h1 style=\"text-align: center;\"><b>Livescore KEONHACAI5 &#8211; Theo D\u00f5i T\u1ef7 S\u1ed1 B\u00f3ng \u0110\u00e1 Tr\u1ef1c Tuy\u1ebfn<\/b><\/h1>\n<p><span style=\"font-weight: 400;\">Trong th\u1eddi \u0111\u1ea1i b\u00f3ng \u0111\u00e1 s\u1ed1 h\u00f3a, vi\u1ec7c n\u1eafm b\u1eaft t\u1ef7 s\u1ed1 tr\u1eadn \u0111\u1ea5u theo th\u1eddi gian th\u1ef1c \u0111\u00e3 tr\u1edf th\u00e0nh nhu c\u1ea7u thi\u1ebft y\u1ebfu c\u1ee7a ng\u01b0\u1eddi h\u00e2m m\u1ed9. Kh\u00f4ng ch\u1ec9 d\u1eebng l\u1ea1i \u1edf vi\u1ec7c bi\u1ebft \u0111\u1ed9i n\u00e0o th\u1eafng &#8211; thua, ng\u01b0\u1eddi xem c\u00f2n mu\u1ed1n theo d\u00f5i di\u1ec5n bi\u1ebfn chi ti\u1ebft, th\u1ed1ng k\u00ea chuy\u00ean s\u00e2u v\u00e0 c\u1eadp nh\u1eadt nhanh ch\u00f3ng t\u1eebng ph\u00fat thi \u0111\u1ea5u. \u0110\u00e2y c\u0169ng ch\u00ednh l\u00e0 l\u00fd do <\/span><b>livescore KEONHACAI5<\/b><span style=\"font-weight: 400;\"> \u0111\u01b0\u1ee3c nhi\u1ec1u ng\u01b0\u1eddi l\u1ef1a ch\u1ecdn nh\u01b0 m\u1ed9t c\u00f4ng c\u1ee5 h\u1ed7 tr\u1ee3 kh\u00f4ng th\u1ec3 thi\u1ebfu. V\u1edbi kh\u1ea3 n\u0103ng c\u1eadp nh\u1eadt t\u1ef7 s\u1ed1 tr\u1ef1c tuy\u1ebfn li\u00ean t\u1ee5c, giao di\u1ec7n tr\u1ef1c quan v\u00e0 d\u1eef li\u1ec7u b\u00f3ng \u0111\u00e1 \u0111\u1ea7y \u0111\u1ee7, <\/span><a href=\"https:\/\/keonhacai5.immo\/\"><b>KEONHACAI5<\/b><\/a><span style=\"font-weight: 400;\"> gi\u00fap ng\u01b0\u1eddi d\u00f9ng theo d\u00f5i tr\u1eadn \u0111\u1ea5u m\u1ecdi l\u00fac, m\u1ecdi n\u01a1i m\u00e0 kh\u00f4ng b\u1ecf l\u1ee1 b\u1ea5t k\u1ef3 kho\u1ea3nh kh\u1eafc quan tr\u1ecdng n\u00e0o.<\/span><\/p>\n<h2><b>Livescore KEONHACAI5 l\u00e0 g\u00ec<\/b><\/h2>\n<p><span style=\"font-weight: 400;\">Livescore l\u00e0 h\u00ecnh th\u1ee9c c\u1eadp nh\u1eadt t\u1ef7 s\u1ed1 b\u00f3ng \u0111\u00e1 theo th\u1eddi gian th\u1ef1c, cho ph\u00e9p ng\u01b0\u1eddi d\u00f9ng theo d\u00f5i k\u1ebft qu\u1ea3 v\u00e0 di\u1ec5n bi\u1ebfn tr\u1eadn \u0111\u1ea5u ngay khi tr\u1eadn \u0111\u1ea5u \u0111ang di\u1ec5n ra. Tr\u00ean n\u1ec1n t\u1ea3ng KEONHACAI5, livescore kh\u00f4ng ch\u1ec9 \u0111\u01a1n thu\u1ea7n hi\u1ec3n th\u1ecb t\u1ef7 s\u1ed1 m\u00e0 c\u00f2n cung c\u1ea5p th\u00eam nhi\u1ec1u th\u00f4ng tin quan tr\u1ecdng nh\u01b0 th\u1eddi gian ghi b\u00e0n, th\u1ebb ph\u1ea1t, thay ng\u01b0\u1eddi hay s\u1ed1 li\u1ec7u th\u1ed1ng k\u00ea c\u01a1 b\u1ea3n.<\/span><\/p>\n<p><span style=\"font-weight: 400;\">\u0110i\u1ec3m kh\u00e1c bi\u1ec7t c\u1ee7a livescore KEONHACAI5 n\u1eb1m \u1edf t\u1ed1c \u0111\u1ed9 c\u1eadp nh\u1eadt \u1ed5n \u0111\u1ecbnh v\u00e0 d\u1eef li\u1ec7u \u0111\u01b0\u1ee3c t\u1ed5ng h\u1ee3p t\u1eeb nhi\u1ec1u ngu\u1ed3n uy t\u00edn. Nh\u1edd \u0111\u00f3, ng\u01b0\u1eddi d\u00f9ng c\u00f3 th\u1ec3 y\u00ean t\u00e2m theo d\u00f5i c\u00e1c tr\u1eadn \u0111\u1ea5u l\u1edbn nh\u1ecf tr\u00ean to\u00e0n th\u1ebf gi\u1edbi m\u00e0 kh\u00f4ng lo sai l\u1ec7ch th\u00f4ng tin. B\u00ean c\u1ea1nh \u0111\u00f3, h\u1ec7 th\u1ed1ng c\u00f2n \u0111\u01b0\u1ee3c t\u1ed1i \u01b0u \u0111\u1ec3 ho\u1ea1t \u0111\u1ed9ng m\u01b0\u1ee3t m\u00e0 tr\u00ean c\u1ea3 m\u00e1y t\u00ednh l\u1eabn thi\u1ebft b\u1ecb di \u0111\u1ed9ng.<\/span><\/p>\n<figure id=\"attachment_356\" aria-describedby=\"caption-attachment-356\" style=\"width: 800px\" class=\"wp-caption aligncenter\"><img loading=\"lazy\" decoding=\"async\" class=\"size-full wp-image-356\" src=\"https:\/\/keonhacai5.immo\/wp-content\/uploads\/2026\/03\/kham-pha-toan-bo-he-thong-livescore-keonhacai5.jpg\" alt=\"Kh\u00e1m ph\u00e1 to\u00e0n b\u1ed9 h\u1ec7 th\u1ed1ng livescore KEONHACAI5\" width=\"800\" height=\"400\" title=\"\" srcset=\"https:\/\/www.keonhacai5.immo\/vi-vn\/wp-content\/uploads\/2026\/03\/kham-pha-toan-bo-he-thong-livescore-keonhacai5.jpg 800w, https:\/\/www.keonhacai5.immo\/vi-vn\/wp-content\/uploads\/2026\/03\/kham-pha-toan-bo-he-thong-livescore-keonhacai5-300x150.jpg 300w, https:\/\/www.keonhacai5.immo\/vi-vn\/wp-content\/uploads\/2026\/03\/kham-pha-toan-bo-he-thong-livescore-keonhacai5-768x384.jpg 768w\" sizes=\"auto, (max-width: 800px) 100vw, 800px\" \/><figcaption id=\"caption-attachment-356\" class=\"wp-caption-text\">Kh\u00e1m ph\u00e1 to\u00e0n b\u1ed9 h\u1ec7 th\u1ed1ng livescore KEONHACAI5<\/figcaption><\/figure>\n<h2><b>Nh\u1eefng \u01b0u \u0111i\u1ec3m n\u1ed5i b\u1eadt c\u1ee7a livescore KEONHACAI5<\/b><\/h2>\n<p><span style=\"font-weight: 400;\">Kh\u00f4ng ph\u1ea3i ng\u1eabu nhi\u00ean m\u00e0 nhi\u1ec1u ng\u01b0\u1eddi ch\u01a1i v\u00e0 ng\u01b0\u1eddi h\u00e2m m\u1ed9 b\u00f3ng \u0111\u00e1 tin t\u01b0\u1edfng s\u1eed d\u1ee5ng KEONHACAI5. D\u01b0\u1edbi \u0111\u00e2y l\u00e0 nh\u1eefng \u0111i\u1ec3m m\u1ea1nh gi\u00fap n\u1ec1n t\u1ea3ng n\u00e0y ghi d\u1ea5u \u1ea5n r\u00f5 r\u1ec7t.<\/span><\/p>\n<h3><b>C\u1eadp nh\u1eadt t\u1ef7 s\u1ed1 nhanh v\u00e0 ch\u00ednh x\u00e1c<\/b><\/h3>\n<p><span style=\"font-weight: 400;\">Ngay khi c\u00f3 b\u00e0n th\u1eafng, th\u1ebb ph\u1ea1t hay s\u1ef1 thay \u0111\u1ed5i nh\u00e2n s\u1ef1, h\u1ec7 th\u1ed1ng livescore KEONHACAI5 s\u1ebd c\u1eadp nh\u1eadt g\u1ea7n nh\u01b0 t\u1ee9c th\u00ec. \u0110i\u1ec1u n\u00e0y gi\u00fap ng\u01b0\u1eddi d\u00f9ng n\u1eafm b\u1eaft di\u1ec5n bi\u1ebfn tr\u1eadn \u0111\u1ea5u m\u00e0 kh\u00f4ng c\u1ea7n xem tr\u1ef1c ti\u1ebfp.<\/span><\/p>\n<h3><b>Bao ph\u1ee7 nhi\u1ec1u gi\u1ea3i \u0111\u1ea5u l\u1edbn nh\u1ecf<\/b><\/h3>\n<p><span style=\"font-weight: 400;\">T\u1eeb c\u00e1c gi\u1ea3i \u0111\u1ea5u h\u00e0ng \u0111\u1ea7u nh\u01b0 Ngo\u1ea1i h\u1ea1ng Anh, La Liga, Serie A cho \u0111\u1ebfn nh\u1eefng gi\u1ea3i tr\u1ebb, gi\u1ea3i qu\u1ed1c n\u1ed9i \u00edt t\u00ean tu\u1ed5i, livescore tr\u00ean KEONHACAI5 \u0111\u1ec1u cung c\u1ea5p \u0111\u1ea7y \u0111\u1ee7 th\u00f4ng tin c\u1ea7n thi\u1ebft.<\/span><\/p>\n<h3><b>Giao di\u1ec7n tr\u1ef1c quan, d\u1ec5 theo d\u00f5i<\/b><\/h3>\n<p><span style=\"font-weight: 400;\">M\u1ecdi th\u00f4ng tin \u0111\u01b0\u1ee3c s\u1eafp x\u1ebfp khoa h\u1ecdc, d\u1ec5 nh\u00ecn, gi\u00fap ng\u01b0\u1eddi d\u00f9ng nhanh ch\u00f3ng t\u00ecm ki\u1ebfm tr\u1eadn \u0111\u1ea5u m\u00ecnh quan t\u00e2m ch\u1ec9 trong v\u00e0i thao t\u00e1c \u0111\u01a1n gi\u1ea3n.<\/span><\/p>\n<h3><b>Ho\u1ea1t \u0111\u1ed9ng \u1ed5n \u0111\u1ecbnh tr\u00ean nhi\u1ec1u thi\u1ebft b\u1ecb<\/b><\/h3>\n<p><span style=\"font-weight: 400;\">D\u00f9 truy c\u1eadp b\u1eb1ng \u0111i\u1ec7n tho\u1ea1i hay m\u00e1y t\u00ednh, livescore KEONHACAI5 v\u1eabn \u0111\u1ea3m b\u1ea3o t\u1ed1c \u0111\u1ed9 t\u1ea3i nhanh v\u00e0 hi\u1ec3n th\u1ecb r\u00f5 r\u00e0ng, kh\u00f4ng g\u00e2y gi\u00e1n \u0111o\u1ea1n tr\u1ea3i nghi\u1ec7m.<\/span><\/p>\n<h2><b>Theo d\u00f5i di\u1ec5n bi\u1ebfn tr\u1eadn \u0111\u1ea5u chi ti\u1ebft c\u00f9ng KEONHACAI5<\/b><\/h2>\n<p><span style=\"font-weight: 400;\">Kh\u00f4ng ch\u1ec9 hi\u1ec3n th\u1ecb t\u1ef7 s\u1ed1, KEONHACAI5 c\u00f2n gi\u00fap ng\u01b0\u1eddi d\u00f9ng theo d\u00f5i di\u1ec5n bi\u1ebfn tr\u1eadn \u0111\u1ea5u m\u1ed9t c\u00e1ch to\u00e0n di\u1ec7n. Tr\u01b0\u1edbc khi \u0111i v\u00e0o chi ti\u1ebft, c\u1ea7n nh\u1ea5n m\u1ea1nh r\u1eb1ng vi\u1ec7c hi\u1ec3u r\u00f5 di\u1ec5n bi\u1ebfn s\u1ebd gi\u00fap ng\u01b0\u1eddi xem c\u00f3 c\u00e1i nh\u00ecn ch\u00ednh x\u00e1c h\u01a1n v\u1ec1 c\u1ee5c di\u1ec7n tr\u1eadn \u0111\u1ea5u.<\/span><\/p>\n<h3><b>Th\u00f4ng tin b\u00e0n th\u1eafng v\u00e0 c\u1ea7u th\u1ee7 ghi b\u00e0n<\/b><\/h3>\n<p><span style=\"font-weight: 400;\">M\u1ed7i b\u00e0n th\u1eafng \u0111\u1ec1u \u0111\u01b0\u1ee3c c\u1eadp nh\u1eadt k\u00e8m th\u1eddi gian v\u00e0 t\u00ean c\u1ea7u th\u1ee7, gi\u00fap ng\u01b0\u1eddi theo d\u00f5i n\u1eafm r\u00f5 ai l\u00e0 ng\u01b0\u1eddi t\u1ea1o ra s\u1ef1 kh\u00e1c bi\u1ec7t tr\u00ean s\u00e2n.<\/span><\/p>\n<h3><b>Th\u1ebb ph\u1ea1t v\u00e0 thay ng\u01b0\u1eddi<\/b><\/h3>\n<p><span style=\"font-weight: 400;\">C\u00e1c t\u00ecnh hu\u1ed1ng th\u1ebb v\u00e0ng, th\u1ebb \u0111\u1ecf hay thay ng\u01b0\u1eddi \u0111\u1ec1u \u0111\u01b0\u1ee3c hi\u1ec3n th\u1ecb \u0111\u1ea7y \u0111\u1ee7, ph\u1ea3n \u00e1nh \u0111\u00fang di\u1ec5n bi\u1ebfn chi\u1ebfn thu\u1eadt c\u1ee7a hai \u0111\u1ed9i.<\/span><\/p>\n<h3><b>Th\u1ed1ng k\u00ea c\u01a1 b\u1ea3n c\u1ee7a tr\u1eadn \u0111\u1ea5u<\/b><\/h3>\n<p><span style=\"font-weight: 400;\">S\u1ed1 l\u1ea7n s\u00fat b\u00f3ng, ph\u1ea1t g\u00f3c hay ki\u1ec3m so\u00e1t b\u00f3ng l\u00e0 nh\u1eefng d\u1eef li\u1ec7u quan tr\u1ecdng gi\u00fap ng\u01b0\u1eddi xem \u0111\u00e1nh gi\u00e1 th\u1ebf tr\u1eadn m\u1ed9t c\u00e1ch kh\u00e1ch quan.<\/span><\/p>\n<h2><b>Livescore KEONHACAI5 k\u1ebft h\u1ee3p l\u1ecbch thi \u0111\u1ea5u ti\u1ec7n l\u1ee3i<\/b><\/h2>\n<p><span style=\"font-weight: 400;\">\u0110\u1ec3 theo d\u00f5i b\u00f3ng \u0111\u00e1 hi\u1ec7u qu\u1ea3, livescore v\u00e0 l\u1ecbch thi \u0111\u1ea5u lu\u00f4n l\u00e0 hai y\u1ebfu t\u1ed1 kh\u00f4ng th\u1ec3 t\u00e1ch r\u1eddi. Tr\u00ean KEONHACAI5, ng\u01b0\u1eddi d\u00f9ng c\u00f3 th\u1ec3 d\u1ec5 d\u00e0ng tra c\u1ee9u <\/span><a href=\"https:\/\/keonhacai5.immo\/ty-le-keo-keonhacai5\/\"><b>l\u1ecbch thi \u0111\u1ea5u KEONHACAI5<\/b><\/a><span style=\"font-weight: 400;\"> song song v\u1edbi vi\u1ec7c xem t\u1ef7 s\u1ed1 tr\u1ef1c tuy\u1ebfn.<\/span><\/p>\n<h3><b>Ch\u1ee7 \u0111\u1ed9ng theo d\u00f5i tr\u1eadn \u0111\u1ea5u y\u00eau th\u00edch<\/b><\/h3>\n<p><span style=\"font-weight: 400;\">Nh\u1edd l\u1ecbch thi \u0111\u1ea5u \u0111\u01b0\u1ee3c c\u1eadp nh\u1eadt s\u1edbm, ng\u01b0\u1eddi d\u00f9ng c\u00f3 th\u1ec3 s\u1eafp x\u1ebfp th\u1eddi gian \u0111\u1ec3 theo d\u00f5i c\u00e1c tr\u1eadn c\u1ea7u quan tr\u1ecdng m\u00e0 m\u00ecnh quan t\u00e2m.<\/span><\/p>\n<h3><b>\u0110\u1ed3ng b\u1ed9 th\u00f4ng tin tr\u01b0\u1edbc &#8211; trong &#8211; sau tr\u1eadn<\/b><\/h3>\n<p><span style=\"font-weight: 400;\">T\u1eeb l\u1ecbch thi \u0111\u1ea5u, di\u1ec5n bi\u1ebfn livescore cho \u0111\u1ebfn k\u1ebft qu\u1ea3 cu\u1ed1i c\u00f9ng, t\u1ea5t c\u1ea3 \u0111\u1ec1u \u0111\u01b0\u1ee3c hi\u1ec3n th\u1ecb li\u1ec1n m\u1ea1ch tr\u00ean c\u00f9ng m\u1ed9t n\u1ec1n t\u1ea3ng.<\/span><\/p>\n<h3><b>H\u1ed7 tr\u1ee3 ng\u01b0\u1eddi ch\u01a1i soi k\u00e8o hi\u1ec7u qu\u1ea3<\/b><\/h3>\n<p><span style=\"font-weight: 400;\">Vi\u1ec7c k\u1ebft h\u1ee3p livescore v\u00e0 l\u1ecbch thi \u0111\u1ea5u KEONHACAI5 gi\u00fap ng\u01b0\u1eddi d\u00f9ng c\u00f3 th\u00eam d\u1eef li\u1ec7u tham kh\u1ea3o tr\u01b0\u1edbc khi \u0111\u01b0a ra nh\u1eadn \u0111\u1ecbnh cho c\u00e1c tr\u1eadn \u0111\u1ea5u s\u1eafp di\u1ec5n ra.<\/span><\/p>\n<h2><b>V\u00ec sao ng\u01b0\u1eddi h\u00e2m m\u1ed9 tin d\u00f9ng livescore KEONHACAI5<\/b><\/h2>\n<p><span style=\"font-weight: 400;\">Gi\u1eefa r\u1ea5t nhi\u1ec1u trang cung c\u1ea5p t\u1ef7 s\u1ed1 tr\u1ef1c tuy\u1ebfn, KEONHACAI5 v\u1eabn gi\u1eef \u0111\u01b0\u1ee3c v\u1ecb th\u1ebf ri\u00eang nh\u1edd nh\u1eefng gi\u00e1 tr\u1ecb thi\u1ebft th\u1ef1c. Tr\u01b0\u1edbc khi l\u1ef1a ch\u1ecdn m\u1ed9t n\u1ec1n t\u1ea3ng livescore, ng\u01b0\u1eddi d\u00f9ng th\u01b0\u1eddng quan t\u00e2m \u0111\u1ebfn \u0111\u1ed9 tin c\u1eady v\u00e0 tr\u1ea3i nghi\u1ec7m.<\/span><\/p>\n<h3><b>Ngu\u1ed3n d\u1eef li\u1ec7u \u0111\u00e1ng tin c\u1eady<\/b><\/h3>\n<p><span style=\"font-weight: 400;\">Th\u00f4ng tin \u0111\u01b0\u1ee3c t\u1ed5ng h\u1ee3p t\u1eeb c\u00e1c h\u1ec7 th\u1ed1ng th\u1ec3 thao uy t\u00edn, \u0111\u1ea3m b\u1ea3o \u0111\u1ed9 ch\u00ednh x\u00e1c cao.<\/span><\/p>\n<h3><b>Kh\u00f4ng g\u00e2y r\u1ed1i m\u1eaft hay qu\u1ea3ng c\u00e1o d\u00e0y \u0111\u1eb7c<\/b><\/h3>\n<p><span style=\"font-weight: 400;\">Giao di\u1ec7n KEONHACAI5 \u0111\u01b0\u1ee3c t\u1ed1i \u01b0u g\u1ecdn g\u00e0ng, gi\u00fap ng\u01b0\u1eddi d\u00f9ng t\u1eadp trung ho\u00e0n to\u00e0n v\u00e0o th\u00f4ng tin tr\u1eadn \u0111\u1ea5u.<\/span><\/p>\n<h3><b>Ph\u00f9 h\u1ee3p cho c\u1ea3 ng\u01b0\u1eddi xem v\u00e0 ng\u01b0\u1eddi soi k\u00e8o<\/b><\/h3>\n<p><span style=\"font-weight: 400;\">D\u00f9 ch\u1ec9 theo d\u00f5i b\u00f3ng \u0111\u00e1 hay c\u1ea7n d\u1eef li\u1ec7u \u0111\u1ec3 ph\u00e2n t\u00edch, livescore KEONHACAI5 \u0111\u1ec1u \u0111\u00e1p \u1ee9ng t\u1ed1t nhu c\u1ea7u.<\/span><\/p>\n<h2><b>K\u1ebft lu\u1eadn<\/b><\/h2>\n<p><a href=\"https:\/\/keonhacai5.immo\/livescore-keonhacai5\/\"><b>Livescore KEONHACAI5<\/b><\/a><span style=\"font-weight: 400;\"> kh\u00f4ng ch\u1ec9 l\u00e0 c\u00f4ng c\u1ee5 c\u1eadp nh\u1eadt t\u1ef7 s\u1ed1 b\u00f3ng \u0111\u00e1 tr\u1ef1c tuy\u1ebfn m\u00e0 c\u00f2n l\u00e0 gi\u1ea3i ph\u00e1p theo d\u00f5i b\u00f3ng \u0111\u00e1 to\u00e0n di\u1ec7n d\u00e0nh cho ng\u01b0\u1eddi h\u00e2m m\u1ed9 hi\u1ec7n \u0111\u1ea1i. V\u1edbi t\u1ed1c \u0111\u1ed9 c\u1eadp nh\u1eadt nhanh, th\u00f4ng tin ch\u00ednh x\u00e1c v\u00e0 kh\u1ea3 n\u0103ng k\u1ebft h\u1ee3p linh ho\u1ea1t c\u00f9ng l\u1ecbch thi \u0111\u1ea5u, n\u1ec1n t\u1ea3ng n\u00e0y mang \u0111\u1ebfn tr\u1ea3i nghi\u1ec7m ti\u1ec7n l\u1ee3i v\u00e0 \u0111\u00e1ng tin c\u1eady. D\u00f9 b\u1ea1n l\u00e0 ng\u01b0\u1eddi y\u00eau b\u00f3ng \u0111\u00e1 \u0111\u01a1n thu\u1ea7n hay th\u01b0\u1eddng xuy\u00ean ph\u00e2n t\u00edch tr\u1eadn \u0111\u1ea5u, <\/span><b>KEONHACAI5<\/b><span style=\"font-weight: 400;\"> v\u1eabn l\u00e0 l\u1ef1a ch\u1ecdn ph\u00f9 h\u1ee3p \u0111\u1ec3 kh\u00f4ng b\u1ecf l\u1ee1 b\u1ea5t k\u1ef3 di\u1ec5n bi\u1ebfn quan tr\u1ecdng n\u00e0o.<\/span><\/p>\n","protected":false},"excerpt":{"rendered":"<p>Livescore KEONHACAI5 &#8211; Theo D\u00f5i T\u1ef7 S\u1ed1 B\u00f3ng \u0110\u00e1 Tr\u1ef1c Tuy\u1ebfn Trong th\u1eddi \u0111\u1ea1i b\u00f3ng \u0111\u00e1 s\u1ed1 h\u00f3a, vi\u1ec7c n\u1eafm b\u1eaft t\u1ef7 s\u1ed1 tr\u1eadn \u0111\u1ea5u theo th\u1eddi gian th\u1ef1c \u0111\u00e3 tr\u1edf th\u00e0nh nhu c\u1ea7u thi\u1ebft y\u1ebfu c\u1ee7a ng\u01b0\u1eddi h\u00e2m m\u1ed9. Kh\u00f4ng ch\u1ec9 d\u1eebng l\u1ea1i \u1edf vi\u1ec7c bi\u1ebft \u0111\u1ed9i n\u00e0o th\u1eafng &#8211; thua, ng\u01b0\u1eddi xem c\u00f2n [&#8230;]\n","protected":false},"author":1,"featured_media":357,"parent":0,"menu_order":0,"comment_status":"closed","ping_status":"closed","template":"","meta":{"footnotes":""},"class_list":["post-50","page","type-page","status-publish","has-post-thumbnail","hentry"],"acf":[],"_links":{"self":[{"href":"https:\/\/www.keonhacai5.immo\/vi-vn\/wp-json\/wp\/v2\/pages\/50","targetHints":{"allow":["GET"]}}],"collection":[{"href":"https:\/\/www.keonhacai5.immo\/vi-vn\/wp-json\/wp\/v2\/pages"}],"about":[{"href":"https:\/\/www.keonhacai5.immo\/vi-vn\/wp-json\/wp\/v2\/types\/page"}],"author":[{"embeddable":true,"href":"https:\/\/www.keonhacai5.immo\/vi-vn\/wp-json\/wp\/v2\/users\/1"}],"replies":[{"embeddable":true,"href":"https:\/\/www.keonhacai5.immo\/vi-vn\/wp-json\/wp\/v2\/comments?post=50"}],"version-history":[{"count":5,"href":"https:\/\/www.keonhacai5.immo\/vi-vn\/wp-json\/wp\/v2\/pages\/50\/revisions"}],"predecessor-version":[{"id":243,"href":"https:\/\/www.keonhacai5.immo\/vi-vn\/wp-json\/wp\/v2\/pages\/50\/revisions\/243"}],"wp:featuredmedia":[{"embeddable":true,"href":"https:\/\/www.keonhacai5.immo\/vi-vn\/wp-json\/wp\/v2\/media\/357"}],"wp:attachment":[{"href":"https:\/\/www.keonhacai5.immo\/vi-vn\/wp-json\/wp\/v2\/media?parent=50"}],"curies":[{"name":"wp","href":"https:\/\/api.w.org\/{rel}","templated":true}]}}