{"id":48,"date":"2026-02-24T16:08:02","date_gmt":"2026-02-24T09:08:02","guid":{"rendered":"https:\/\/keonhacai5.immo\/?page_id=48"},"modified":"2026-03-01T16:10:15","modified_gmt":"2026-03-01T09:10:15","slug":"ket-qua-bong-da-keonhacai5","status":"publish","type":"page","link":"https:\/\/www.keonhacai5.immo\/vi-vn\/ket-qua-bong-da-keonhacai5\/","title":{"rendered":"K\u1ebft Qu\u1ea3 B\u00f3ng \u0110\u00e1 KEONHACAI5 &#8211; C\u1eadp Nh\u1eadt T\u1ec9 S\u1ed1 Trong Gi\u00e2y L\u00e1t"},"content":{"rendered":"<h1 style=\"text-align: center;\"><b>K\u1ebft Qu\u1ea3 B\u00f3ng \u0110\u00e1 KEONHACAI5 &#8211; C\u1eadp Nh\u1eadt T\u1ec9 S\u1ed1 Trong Gi\u00e2y L\u00e1t<\/b><\/h1>\n<p><span style=\"font-weight: 400;\">Trong b\u1ed1i c\u1ea3nh b\u00f3ng \u0111\u00e1 di\u1ec5n ra li\u00ean t\u1ee5c m\u1ed7i ng\u00e0y v\u1edbi h\u00e0ng tr\u0103m tr\u1eadn \u0111\u1ea5u l\u1edbn nh\u1ecf, nhu c\u1ea7u theo d\u00f5i k\u1ebft qu\u1ea3 m\u1ed9t c\u00e1ch nhanh ch\u00f3ng v\u00e0 ch\u00ednh x\u00e1c ng\u00e0y c\u00e0ng tr\u1edf n\u00ean quan tr\u1ecdng. Kh\u00f4ng ch\u1ec9 \u0111\u01a1n thu\u1ea7n l\u00e0 xem t\u1ef7 s\u1ed1, ng\u01b0\u1eddi h\u00e2m m\u1ed9 hi\u1ec7n \u0111\u1ea1i c\u00f2n quan t\u00e2m \u0111\u1ebfn di\u1ec5n bi\u1ebfn, th\u1ed1ng k\u00ea tr\u1eadn \u0111\u1ea5u v\u00e0 c\u00e1c t\u00ecnh hu\u1ed1ng \u0111\u00e1ng ch\u00fa \u00fd. <\/span><b>K\u1ebft qu\u1ea3 b\u00f3ng \u0111\u00e1 KEONHACAI5<\/b><span style=\"font-weight: 400;\"> ra \u0111\u1eddi nh\u1eb1m \u0111\u00e1p \u1ee9ng tr\u1ecdn v\u1eb9n nhu c\u1ea7u \u0111\u00f3, mang \u0111\u1ebfn ngu\u1ed3n th\u00f4ng tin th\u1ec3 thao tr\u1ef1c tuy\u1ebfn \u0111\u00e1ng tin c\u1eady cho c\u1ed9ng \u0111\u1ed3ng ng\u01b0\u1eddi y\u00eau b\u00f3ng \u0111\u00e1. V\u1edbi t\u1ed1c \u0111\u1ed9 c\u1eadp nh\u1eadt nhanh, giao di\u1ec7n d\u1ec5 theo d\u00f5i v\u00e0 d\u1eef li\u1ec7u \u0111\u1ea7y \u0111\u1ee7, <\/span><a href=\"https:\/\/keonhacai5.immo\/\"><b>KEONHACAI5<\/b><\/a><span style=\"font-weight: 400;\"> gi\u00fap ng\u01b0\u1eddi xem n\u1eafm b\u1eaft t\u00ecnh h\u00ecnh tr\u1eadn \u0111\u1ea5u m\u1ecdi l\u00fac, m\u1ecdi n\u01a1i, k\u1ec3 c\u1ea3 khi kh\u00f4ng th\u1ec3 xem tr\u1ef1c ti\u1ebfp.<\/span><\/p>\n<h2><b>K\u1ebft qu\u1ea3 b\u00f3ng \u0111\u00e1 KEONHACAI5 l\u00e0 g\u00ec<\/b><\/h2>\n<p><span style=\"font-weight: 400;\">K\u1ebft qu\u1ea3 b\u00f3ng \u0111\u00e1 KEONHACAI5 l\u00e0 chuy\u00ean m\u1ee5c t\u1ed5ng h\u1ee3p v\u00e0 hi\u1ec3n th\u1ecb t\u1ef7 s\u1ed1 c\u00e1c tr\u1eadn \u0111\u1ea5u b\u00f3ng \u0111\u00e1 di\u1ec5n ra trong ng\u00e0y, theo th\u1eddi gian th\u1ef1c v\u00e0 sau khi tr\u1eadn \u0111\u1ea5u k\u1ebft th\u00fac. Th\u00f4ng tin kh\u00f4ng ch\u1ec9 d\u1eebng l\u1ea1i \u1edf t\u1ef7 s\u1ed1 cu\u1ed1i c\u00f9ng m\u00e0 c\u00f2n bao g\u1ed3m th\u1eddi gian ghi b\u00e0n, c\u1ea7u th\u1ee7 l\u1eadp c\u00f4ng, th\u1ebb ph\u1ea1t, s\u1ed1 l\u1ea7n ph\u1ea1t g\u00f3c v\u00e0 nhi\u1ec1u d\u1eef li\u1ec7u li\u00ean quan kh\u00e1c.<\/span><\/p>\n<p><span style=\"font-weight: 400;\">Nh\u1edd \u0111\u00f3, ng\u01b0\u1eddi xem c\u00f3 th\u1ec3 nhanh ch\u00f3ng n\u1eafm b\u1eaft to\u00e0n c\u1ea3nh tr\u1eadn \u0111\u1ea5u m\u00e0 kh\u00f4ng c\u1ea7n m\u1ea5t nhi\u1ec1u th\u1eddi gian t\u00ecm ki\u1ebfm tr\u00ean nhi\u1ec1u ngu\u1ed3n kh\u00e1c nhau. \u0110\u00e2y c\u0169ng l\u00e0 n\u1ec1n t\u1ea3ng h\u1ed7 tr\u1ee3 \u0111\u1eafc l\u1ef1c cho nh\u1eefng ai th\u01b0\u1eddng xuy\u00ean theo d\u00f5i soi k\u00e8o, ph\u00e2n t\u00edch phong \u0111\u1ed9 ho\u1eb7c t\u1ed5ng h\u1ee3p d\u1eef li\u1ec7u b\u00f3ng \u0111\u00e1.<\/span><\/p>\n<figure id=\"attachment_348\" aria-describedby=\"caption-attachment-348\" style=\"width: 800px\" class=\"wp-caption aligncenter\"><img loading=\"lazy\" decoding=\"async\" class=\"size-full wp-image-348\" src=\"https:\/\/keonhacai5.immo\/wp-content\/uploads\/2026\/03\/tim-hieu-chi-tiet-ve-ket-qua-bong-da-keonhacai5.jpg\" alt=\"T\u00ecm hi\u1ec3u chi ti\u1ebft v\u1ec1 k\u1ebft qu\u1ea3 b\u00f3ng \u0111\u00e1 KEONHACAI5\" width=\"800\" height=\"400\" title=\"\" srcset=\"https:\/\/www.keonhacai5.immo\/vi-vn\/wp-content\/uploads\/2026\/03\/tim-hieu-chi-tiet-ve-ket-qua-bong-da-keonhacai5.jpg 800w, https:\/\/www.keonhacai5.immo\/vi-vn\/wp-content\/uploads\/2026\/03\/tim-hieu-chi-tiet-ve-ket-qua-bong-da-keonhacai5-300x150.jpg 300w, https:\/\/www.keonhacai5.immo\/vi-vn\/wp-content\/uploads\/2026\/03\/tim-hieu-chi-tiet-ve-ket-qua-bong-da-keonhacai5-768x384.jpg 768w\" sizes=\"auto, (max-width: 800px) 100vw, 800px\" \/><figcaption id=\"caption-attachment-348\" class=\"wp-caption-text\"><em>T\u00ecm hi\u1ec3u chi ti\u1ebft v\u1ec1 k\u1ebft qu\u1ea3 b\u00f3ng \u0111\u00e1 KEONHACAI5<\/em><\/figcaption><\/figure>\n<h2><b>Nh\u1eefng gi\u1ea3i \u0111\u1ea5u \u0111\u01b0\u1ee3c c\u1eadp nh\u1eadt k\u1ebft qu\u1ea3 t\u1ea1i KEONHACAI5<\/b><\/h2>\n<p><span style=\"font-weight: 400;\">V\u1edbi \u0111\u1ecbnh h\u01b0\u1edbng tr\u1edf th\u00e0nh trang th\u00f4ng tin b\u00f3ng \u0111\u00e1 to\u00e0n di\u1ec7n, KEONHACAI5 li\u00ean t\u1ee5c m\u1edf r\u1ed9ng ph\u1ea1m vi gi\u1ea3i \u0111\u1ea5u \u0111\u01b0\u1ee3c c\u1eadp nh\u1eadt. D\u01b0\u1edbi \u0111\u00e2y l\u00e0 nh\u1eefng nh\u00f3m gi\u1ea3i \u0111\u1ea5u n\u1ed5i b\u1eadt m\u00e0 ng\u01b0\u1eddi d\u00f9ng c\u00f3 th\u1ec3 theo d\u00f5i h\u1eb1ng ng\u00e0y.<\/span><\/p>\n<h3><b>C\u00e1c gi\u1ea3i \u0111\u1ea5u qu\u1ed1c t\u1ebf h\u00e0ng \u0111\u1ea7u<\/b><\/h3>\n<p><span style=\"font-weight: 400;\">Tr\u01b0\u1edbc h\u1ebft, KEONHACAI5 t\u1eadp trung m\u1ea1nh v\u00e0o nh\u1eefng gi\u1ea3i \u0111\u1ea5u qu\u1ed1c t\u1ebf c\u00f3 l\u01b0\u1ee3ng ng\u01b0\u1eddi xem l\u1edbn. C\u00e1c tr\u1eadn \u0111\u1ea5u thu\u1ed9c World Cup, Euro, Copa America hay Nations League \u0111\u1ec1u \u0111\u01b0\u1ee3c c\u1eadp nh\u1eadt \u0111\u1ea7y \u0111\u1ee7 k\u1ebft qu\u1ea3 v\u00e0 di\u1ec5n bi\u1ebfn. \u0110i\u1ec1u n\u00e0y gi\u00fap ng\u01b0\u1eddi h\u00e2m m\u1ed9 kh\u00f4ng b\u1ecf l\u1ee1 b\u1ea5t k\u1ef3 kho\u1ea3nh kh\u1eafc quan tr\u1ecdng n\u00e0o, k\u1ec3 c\u1ea3 khi l\u1ecbch thi \u0111\u1ea5u di\u1ec5n ra v\u00e0o khung gi\u1edd mu\u1ed9n.<\/span><\/p>\n<h3><b>C\u00e1c gi\u1ea3i v\u00f4 \u0111\u1ecbch qu\u1ed1c gia ch\u00e2u \u00c2u<\/b><\/h3>\n<p><span style=\"font-weight: 400;\">B\u00ean c\u1ea1nh s\u00e2n ch\u01a1i qu\u1ed1c t\u1ebf, k\u1ebft qu\u1ea3 c\u1ee7a c\u00e1c gi\u1ea3i v\u00f4 \u0111\u1ecbch qu\u1ed1c gia h\u00e0ng \u0111\u1ea7u ch\u00e2u \u00c2u lu\u00f4n nh\u1eadn \u0111\u01b0\u1ee3c s\u1ef1 quan t\u00e2m \u0111\u1eb7c bi\u1ec7t. Ng\u01b0\u1eddi d\u00f9ng c\u00f3 th\u1ec3 theo d\u00f5i k\u1ebft qu\u1ea3 Ngo\u1ea1i h\u1ea1ng Anh, La Liga, Serie A, Bundesliga hay Ligue 1 m\u1ed9t c\u00e1ch nhanh ch\u00f3ng. M\u1ed7i tr\u1eadn \u0111\u1ea5u \u0111\u1ec1u hi\u1ec3n th\u1ecb r\u00f5 r\u00e0ng t\u1ef7 s\u1ed1, th\u1eddi gian v\u00e0 di\u1ec5n bi\u1ebfn ch\u00ednh, thu\u1eadn ti\u1ec7n cho vi\u1ec7c so s\u00e1nh phong \u0111\u1ed9 c\u00e1c \u0111\u1ed9i b\u00f3ng.<\/span><\/p>\n<h3><b>Gi\u1ea3i \u0111\u1ea5u khu v\u1ef1c v\u00e0 trong n\u01b0\u1edbc<\/b><\/h3>\n<p><span style=\"font-weight: 400;\">Kh\u00f4ng ch\u1ec9 t\u1eadp trung v\u00e0o c\u00e1c gi\u1ea3i l\u1edbn, KEONHACAI5 c\u00f2n c\u1eadp nh\u1eadt k\u1ebft qu\u1ea3 c\u1ee7a nhi\u1ec1u gi\u1ea3i \u0111\u1ea5u khu v\u1ef1c ch\u00e2u \u00c1, \u0110\u00f4ng Nam \u00c1 c\u0169ng nh\u01b0 c\u00e1c gi\u1ea3i trong n\u01b0\u1edbc. \u0110\u00e2y l\u00e0 \u0111i\u1ec3m c\u1ed9ng l\u1edbn gi\u00fap n\u1ec1n t\u1ea3ng ti\u1ebfp c\u1eadn \u0111a d\u1ea1ng nh\u00f3m ng\u01b0\u1eddi d\u00f9ng, t\u1eeb fan b\u00f3ng \u0111\u00e1 qu\u1ed1c t\u1ebf \u0111\u1ebfn ng\u01b0\u1eddi theo d\u00f5i c\u00e1c \u0111\u1ed9i b\u00f3ng quen thu\u1ed9c trong khu v\u1ef1c.<\/span><\/p>\n<h2><b>\u01afu \u0111i\u1ec3m n\u1ed5i b\u1eadt c\u1ee7a chuy\u00ean m\u1ee5c k\u1ebft qu\u1ea3 b\u00f3ng \u0111\u00e1 KEONHACAI5<\/b><\/h2>\n<p><span style=\"font-weight: 400;\">\u0110\u1ec3 gi\u1eef ch\u00e2n ng\u01b0\u1eddi d\u00f9ng l\u00e2u d\u00e0i, ch\u1ea5t l\u01b0\u1ee3ng tr\u1ea3i nghi\u1ec7m lu\u00f4n l\u00e0 y\u1ebfu t\u1ed1 \u0111\u01b0\u1ee3c \u0111\u1eb7t l\u00ean h\u00e0ng \u0111\u1ea7u. KEONHACAI5 s\u1edf h\u1eefu nhi\u1ec1u \u01b0u \u0111i\u1ec3m \u0111\u00e1ng ch\u00fa \u00fd nh\u01b0 sau.<\/span><\/p>\n<h3><b>C\u1eadp nh\u1eadt t\u1ef7 s\u1ed1 theo th\u1eddi gian th\u1ef1c<\/b><\/h3>\n<p><span style=\"font-weight: 400;\">M\u1ed9t trong nh\u1eefng \u0111i\u1ec3m m\u1ea1nh d\u1ec5 nh\u1eadn th\u1ea5y nh\u1ea5t l\u00e0 t\u1ed1c \u0111\u1ed9 c\u1eadp nh\u1eadt. <\/span><b>K\u1ebft qu\u1ea3 b\u00f3ng \u0111\u00e1 KEONHACAI5<\/b><span style=\"font-weight: 400;\"> \u0111\u01b0\u1ee3c l\u00e0m m\u1edbi li\u00ean t\u1ee5c theo t\u1eebng ph\u00fat thi \u0111\u1ea5u. Ngay khi c\u00f3 b\u00e0n th\u1eafng, th\u1ebb ph\u1ea1t ho\u1eb7c t\u00ecnh hu\u1ed1ng quan tr\u1ecdng, th\u00f4ng tin s\u1ebd \u0111\u01b0\u1ee3c hi\u1ec3n th\u1ecb g\u1ea7n nh\u01b0 t\u1ee9c th\u00ec, gi\u00fap ng\u01b0\u1eddi xem theo s\u00e1t di\u1ec5n bi\u1ebfn d\u00f9 kh\u00f4ng xem tr\u1ef1c ti\u1ebfp.<\/span><\/p>\n<h3><b>Th\u00f4ng tin chi ti\u1ebft, d\u1ec5 theo d\u00f5i<\/b><\/h3>\n<p><span style=\"font-weight: 400;\">Kh\u00f4ng ch\u1ec9 hi\u1ec3n th\u1ecb t\u1ef7 s\u1ed1, KEONHACAI5 c\u00f2n cung c\u1ea5p b\u1ea3ng th\u1ed1ng k\u00ea chi ti\u1ebft cho t\u1eebng tr\u1eadn \u0111\u1ea5u. Ng\u01b0\u1eddi d\u00f9ng c\u00f3 th\u1ec3 xem s\u1ed1 l\u1ea7n s\u00fat b\u00f3ng, ki\u1ec3m so\u00e1t b\u00f3ng, ph\u1ea1t g\u00f3c hay \u0111\u1ed9i h\u00ecnh ra s\u00e2n. Nh\u1eefng d\u1eef li\u1ec7u n\u00e0y \u0111\u1eb7c bi\u1ec7t h\u1eefu \u00edch cho vi\u1ec7c ph\u00e2n t\u00edch chuy\u00ean s\u00e2u v\u00e0 \u0111\u00e1nh gi\u00e1 phong \u0111\u1ed9 \u0111\u1ed9i b\u00f3ng.<\/span><\/p>\n<h3><b>Giao di\u1ec7n th\u00e2n thi\u1ec7n v\u1edbi ng\u01b0\u1eddi d\u00f9ng<\/b><\/h3>\n<p><span style=\"font-weight: 400;\">M\u1ed9t \u01b0u \u0111i\u1ec3m kh\u00e1c kh\u00f4ng th\u1ec3 b\u1ecf qua l\u00e0 giao di\u1ec7n r\u00f5 r\u00e0ng, khoa h\u1ecdc. C\u00e1c tr\u1eadn \u0111\u1ea5u \u0111\u01b0\u1ee3c s\u1eafp x\u1ebfp theo gi\u1ea3i, theo th\u1eddi gian di\u1ec5n ra, gi\u00fap ng\u01b0\u1eddi xem d\u1ec5 d\u00e0ng t\u00ecm ki\u1ebfm. D\u00f9 s\u1eed d\u1ee5ng tr\u00ean m\u00e1y t\u00ednh hay thi\u1ebft b\u1ecb di \u0111\u1ed9ng, tr\u1ea3i nghi\u1ec7m theo d\u00f5i k\u1ebft qu\u1ea3 t\u1ea1i KEONHACAI5 v\u1eabn m\u01b0\u1ee3t m\u00e0 v\u00e0 \u1ed5n \u0111\u1ecbnh.<\/span><\/p>\n<h2><b>K\u1ebft h\u1ee3p theo d\u00f5i k\u1ebft qu\u1ea3 v\u00e0 highlight KEONHACAI5<\/b><\/h2>\n<p><span style=\"font-weight: 400;\">Sau khi n\u1eafm \u0111\u01b0\u1ee3c t\u1ef7 s\u1ed1, nhi\u1ec1u ng\u01b0\u1eddi d\u00f9ng th\u01b0\u1eddng mu\u1ed1n xem l\u1ea1i nh\u1eefng kho\u1ea3nh kh\u1eafc \u0111\u00e1ng nh\u1edb c\u1ee7a tr\u1eadn \u0111\u1ea5u. \u0110\u00e2y ch\u00ednh l\u00e0 l\u00fac <\/span><a href=\"https:\/\/keonhacai5.immo\/highlight-keonhacai5\/\"><b>highlight KEONHACAI5<\/b><\/a><span style=\"font-weight: 400;\"> ph\u00e1t huy vai tr\u00f2 quan tr\u1ecdng.<\/span><\/p>\n<h3><b>Xem l\u1ea1i di\u1ec5n bi\u1ebfn \u0111\u00e1ng ch\u00fa \u00fd<\/b><\/h3>\n<p><span style=\"font-weight: 400;\">Th\u00f4ng qua highlight KEONHACAI5, ng\u01b0\u1eddi xem c\u00f3 th\u1ec3 nhanh ch\u00f3ng n\u1eafm b\u1eaft c\u00e1c t\u00ecnh hu\u1ed1ng quan tr\u1ecdng nh\u01b0 b\u00e0n th\u1eafng, pha c\u1ee9u thua hay nh\u1eefng pha b\u00f3ng g\u00e2y tranh c\u00e3i. \u0110i\u1ec1u n\u00e0y \u0111\u1eb7c bi\u1ec7t h\u1eefu \u00edch v\u1edbi nh\u1eefng tr\u1eadn \u0111\u1ea5u di\u1ec5n ra v\u00e0o khung gi\u1edd kh\u00f4ng thu\u1eadn ti\u1ec7n theo d\u00f5i tr\u1ef1c ti\u1ebfp.<\/span><\/p>\n<h3><b>H\u1ed7 tr\u1ee3 ph\u00e2n t\u00edch v\u00e0 soi k\u00e8o<\/b><\/h3>\n<p><span style=\"font-weight: 400;\">Vi\u1ec7c k\u1ebft h\u1ee3p gi\u1eefa k\u1ebft qu\u1ea3 b\u00f3ng \u0111\u00e1 KEONHACAI5 v\u00e0 highlight gi\u00fap ng\u01b0\u1eddi d\u00f9ng c\u00f3 c\u00e1i nh\u00ecn to\u00e0n di\u1ec7n h\u01a1n v\u1ec1 tr\u1eadn \u0111\u1ea5u. Kh\u00f4ng ch\u1ec9 bi\u1ebft \u0111\u1ed9i n\u00e0o th\u1eafng, ng\u01b0\u1eddi xem c\u00f2n hi\u1ec3u r\u00f5 c\u00e1ch m\u00e0 chi\u1ebfn th\u1eafng \u0111\u00f3 \u0111\u01b0\u1ee3c t\u1ea1o ra, t\u1eeb \u0111\u00f3 h\u1ed7 tr\u1ee3 t\u1ed1t cho qu\u00e1 tr\u00ecnh ph\u00e2n t\u00edch v\u00e0 \u0111\u00e1nh gi\u00e1 tr\u01b0\u1edbc c\u00e1c tr\u1eadn ti\u1ebfp theo.<\/span><\/p>\n<h2><b>K\u1ebft lu\u1eadn<\/b><\/h2>\n<p><span style=\"font-weight: 400;\">Trong th\u1ebf gi\u1edbi b\u00f3ng \u0111\u00e1 s\u00f4i \u0111\u1ed9ng v\u00e0 li\u00ean t\u1ee5c bi\u1ebfn \u0111\u1ed5i, vi\u1ec7c c\u1eadp nh\u1eadt th\u00f4ng tin nhanh ch\u00f3ng v\u00e0 ch\u00ednh x\u00e1c l\u00e0 \u0111i\u1ec1u kh\u00f4ng th\u1ec3 thi\u1ebfu. <\/span><a href=\"https:\/\/keonhacai5.immo\/ket-qua-bong-da-keonhacai5\/\"><b>K\u1ebft qu\u1ea3 b\u00f3ng \u0111\u00e1 KEONHACAI5<\/b><\/a><span style=\"font-weight: 400;\"> mang \u0111\u1ebfn gi\u1ea3i ph\u00e1p theo d\u00f5i hi\u1ec7u qu\u1ea3 v\u1edbi d\u1eef li\u1ec7u \u0111\u1ea7y \u0111\u1ee7, t\u1ed1c \u0111\u1ed9 cao v\u00e0 giao di\u1ec7n th\u00e2n thi\u1ec7n. Khi k\u1ebft h\u1ee3p c\u00f9ng highlight, ng\u01b0\u1eddi d\u00f9ng kh\u00f4ng ch\u1ec9 n\u1eafm \u0111\u01b0\u1ee3c t\u1ef7 s\u1ed1 m\u00e0 c\u00f2n hi\u1ec3u r\u00f5 di\u1ec5n bi\u1ebfn v\u00e0 b\u1ea3n ch\u1ea5t c\u1ee7a t\u1eebng tr\u1eadn \u0111\u1ea5u. <\/span><b>KEONHACAI5<\/b><span style=\"font-weight: 400;\"> ch\u00ednh l\u00e0 l\u1ef1a ch\u1ecdn \u0111\u00e1ng tin c\u1eady cho nh\u1eefng ai mu\u1ed1n theo d\u00f5i b\u00f3ng \u0111\u00e1 m\u1ed9t c\u00e1ch tr\u1ecdn v\u1eb9n v\u00e0 ch\u1ee7 \u0111\u1ed9ng m\u1ed7i ng\u00e0y.<\/span><\/p>\n<p>&nbsp;<\/p>\n","protected":false},"excerpt":{"rendered":"<p>K\u1ebft Qu\u1ea3 B\u00f3ng \u0110\u00e1 KEONHACAI5 &#8211; C\u1eadp Nh\u1eadt T\u1ec9 S\u1ed1 Trong Gi\u00e2y L\u00e1t Trong b\u1ed1i c\u1ea3nh b\u00f3ng \u0111\u00e1 di\u1ec5n ra li\u00ean t\u1ee5c m\u1ed7i ng\u00e0y v\u1edbi h\u00e0ng tr\u0103m tr\u1eadn \u0111\u1ea5u l\u1edbn nh\u1ecf, nhu c\u1ea7u theo d\u00f5i k\u1ebft qu\u1ea3 m\u1ed9t c\u00e1ch nhanh ch\u00f3ng v\u00e0 ch\u00ednh x\u00e1c ng\u00e0y c\u00e0ng tr\u1edf n\u00ean quan tr\u1ecdng. Kh\u00f4ng ch\u1ec9 \u0111\u01a1n thu\u1ea7n l\u00e0 [&#8230;]\n","protected":false},"author":1,"featured_media":347,"parent":0,"menu_order":0,"comment_status":"closed","ping_status":"closed","template":"","meta":{"footnotes":""},"class_list":["post-48","page","type-page","status-publish","has-post-thumbnail","hentry"],"acf":[],"_links":{"self":[{"href":"https:\/\/www.keonhacai5.immo\/vi-vn\/wp-json\/wp\/v2\/pages\/48","targetHints":{"allow":["GET"]}}],"collection":[{"href":"https:\/\/www.keonhacai5.immo\/vi-vn\/wp-json\/wp\/v2\/pages"}],"about":[{"href":"https:\/\/www.keonhacai5.immo\/vi-vn\/wp-json\/wp\/v2\/types\/page"}],"author":[{"embeddable":true,"href":"https:\/\/www.keonhacai5.immo\/vi-vn\/wp-json\/wp\/v2\/users\/1"}],"replies":[{"embeddable":true,"href":"https:\/\/www.keonhacai5.immo\/vi-vn\/wp-json\/wp\/v2\/comments?post=48"}],"version-history":[{"count":5,"href":"https:\/\/www.keonhacai5.immo\/vi-vn\/wp-json\/wp\/v2\/pages\/48\/revisions"}],"predecessor-version":[{"id":349,"href":"https:\/\/www.keonhacai5.immo\/vi-vn\/wp-json\/wp\/v2\/pages\/48\/revisions\/349"}],"wp:featuredmedia":[{"embeddable":true,"href":"https:\/\/www.keonhacai5.immo\/vi-vn\/wp-json\/wp\/v2\/media\/347"}],"wp:attachment":[{"href":"https:\/\/www.keonhacai5.immo\/vi-vn\/wp-json\/wp\/v2\/media?parent=48"}],"curies":[{"name":"wp","href":"https:\/\/api.w.org\/{rel}","templated":true}]}}