{"id":47,"date":"2026-02-24T16:07:59","date_gmt":"2026-02-24T09:07:59","guid":{"rendered":"https:\/\/keonhacai5.immo\/?page_id=47"},"modified":"2026-03-01T16:12:51","modified_gmt":"2026-03-01T09:12:51","slug":"bang-xep-hang-keonhacai5","status":"publish","type":"page","link":"https:\/\/www.keonhacai5.immo\/vi-vn\/bang-xep-hang-keonhacai5\/","title":{"rendered":"B\u1ea3ng X\u1ebfp H\u1ea1ng KEONHACAI5 &#8211; C\u1eadp Nh\u1eadt Th\u1ee9 H\u1ea1ng Chu\u1ea9n X\u00e1c"},"content":{"rendered":"<h1 style=\"text-align: center;\"><b>B\u1ea3ng X\u1ebfp H\u1ea1ng KEONHACAI5 &#8211; C\u1eadp Nh\u1eadt Th\u1ee9 H\u1ea1ng Chu\u1ea9n X\u00e1c<\/b><\/h1>\n<p><span style=\"font-weight: 400;\">Trong b\u00f3ng \u0111\u00e1 hi\u1ec7n \u0111\u1ea1i, vi\u1ec7c theo d\u00f5i b\u1ea3ng x\u1ebfp h\u1ea1ng kh\u00f4ng ch\u1ec9 d\u00e0nh cho ng\u01b0\u1eddi h\u00e2m m\u1ed9 m\u00e0 c\u00f2n l\u00e0 y\u1ebfu t\u1ed1 quan tr\u1ecdng v\u1edbi nh\u1eefng ai th\u01b0\u1eddng xuy\u00ean soi k\u00e8o, ph\u00e2n t\u00edch v\u00e0 \u0111\u00e1nh gi\u00e1 phong \u0111\u1ed9 \u0111\u1ed9i b\u00f3ng. M\u1ed9t b\u1ea3ng x\u1ebfp h\u1ea1ng chu\u1ea9n x\u00e1c s\u1ebd ph\u1ea3n \u00e1nh r\u00f5 r\u00e0ng s\u1ee9c m\u1ea1nh, s\u1ef1 \u1ed5n \u0111\u1ecbnh c\u0169ng nh\u01b0 kh\u1ea3 n\u0103ng c\u1ea1nh tranh c\u1ee7a t\u1eebng c\u00e2u l\u1ea1c b\u1ed9 qua t\u1eebng v\u00f2ng \u0111\u1ea5u. Hi\u1ec3u \u0111\u01b0\u1ee3c nhu c\u1ea7u \u0111\u00f3, <\/span><b>b\u1ea3ng x\u1ebfp h\u1ea1ng KEONHACAI5<\/b><span style=\"font-weight: 400;\"> ra \u0111\u1eddi nh\u01b0 m\u1ed9t c\u00f4ng c\u1ee5 h\u1ed7 tr\u1ee3 to\u00e0n di\u1ec7n, gi\u00fap ng\u01b0\u1eddi d\u00f9ng n\u1eafm b\u1eaft th\u1ee9 h\u1ea1ng c\u00e1c gi\u1ea3i \u0111\u1ea5u m\u1ed9t c\u00e1ch nhanh ch\u00f3ng v\u00e0 tr\u1ef1c quan. Kh\u00f4ng ch\u1ec9 \u0111\u01a1n thu\u1ea7n l\u00e0 s\u1ed1 \u0111i\u1ec3m hay v\u1ecb tr\u00ed, n\u1ec1n t\u1ea3ng c\u00f2n mang \u0111\u1ebfn nhi\u1ec1u th\u00f4ng tin gi\u00e1 tr\u1ecb, k\u1ebft h\u1ee3p c\u00f9ng d\u1eef li\u1ec7u t\u1eeb <\/span><a href=\"https:\/\/keonhacai5.immo\/\"><b>KEONHACAI5<\/b><\/a><span style=\"font-weight: 400;\">, gi\u00fap ng\u01b0\u1eddi xem c\u00f3 c\u00e1i nh\u00ecn to\u00e0n di\u1ec7n h\u01a1n tr\u01b0\u1edbc m\u1ed7i tr\u1eadn \u0111\u1ea5u.<\/span><\/p>\n<h2><b>B\u1ea3ng x\u1ebfp h\u1ea1ng KEONHACAI5 l\u00e0 g\u00ec<\/b><\/h2>\n<p><span style=\"font-weight: 400;\">B\u1ea3ng x\u1ebfp h\u1ea1ng KEONHACAI5 l\u00e0 chuy\u00ean m\u1ee5c t\u1ed5ng h\u1ee3p v\u00e0 hi\u1ec3n th\u1ecb th\u1ee9 h\u1ea1ng c\u00e1c \u0111\u1ed9i b\u00f3ng t\u1ea1i nhi\u1ec1u gi\u1ea3i \u0111\u1ea5u trong v\u00e0 ngo\u00e0i n\u01b0\u1edbc, \u0111\u01b0\u1ee3c c\u1eadp nh\u1eadt li\u00ean t\u1ee5c theo di\u1ec5n bi\u1ebfn th\u1ef1c t\u1ebf c\u1ee7a m\u00f9a gi\u1ea3i.<\/span><\/p>\n<p><span style=\"font-weight: 400;\">Kh\u00e1c v\u1edbi nh\u1eefng b\u1ea3ng x\u1ebfp h\u1ea1ng \u0111\u01a1n thu\u1ea7n, h\u1ec7 th\u1ed1ng t\u1ea1i KEONHACAI5 kh\u00f4ng ch\u1ec9 t\u1eadp trung v\u00e0o \u0111i\u1ec3m s\u1ed1 m\u00e0 c\u00f2n cung c\u1ea5p c\u00e1c ch\u1ec9 s\u1ed1 quan tr\u1ecdng nh\u01b0 hi\u1ec7u s\u1ed1 b\u00e0n th\u1eafng b\u1ea1i, s\u1ed1 tr\u1eadn th\u1eafng \u2013 h\u00f2a \u2013 thua, phong \u0111\u1ed9 g\u1ea7n \u0111\u00e2y. \u0110i\u1ec1u n\u00e0y gi\u00fap ng\u01b0\u1eddi d\u00f9ng d\u1ec5 d\u00e0ng so s\u00e1nh s\u1ee9c m\u1ea1nh gi\u1eefa c\u00e1c \u0111\u1ed9i, t\u1eeb \u0111\u00f3 \u0111\u01b0a ra \u0111\u00e1nh gi\u00e1 ch\u00ednh x\u00e1c h\u01a1n khi theo d\u00f5i ho\u1eb7c soi k\u00e8o.<\/span><\/p>\n<figure id=\"attachment_345\" aria-describedby=\"caption-attachment-345\" style=\"width: 800px\" class=\"wp-caption aligncenter\"><img loading=\"lazy\" decoding=\"async\" class=\"size-full wp-image-345\" src=\"https:\/\/keonhacai5.immo\/wp-content\/uploads\/2026\/03\/kham-pha-chi-tiet-ve-bang-xep-hang-keonhacai5.jpg\" alt=\"Kh\u00e1m ph\u00e1 chi ti\u1ebft v\u1ec1 b\u1ea3ng x\u1ebfp h\u1ea1ng KEONHACAI5\" width=\"800\" height=\"400\" title=\"\" srcset=\"https:\/\/www.keonhacai5.immo\/vi-vn\/wp-content\/uploads\/2026\/03\/kham-pha-chi-tiet-ve-bang-xep-hang-keonhacai5.jpg 800w, https:\/\/www.keonhacai5.immo\/vi-vn\/wp-content\/uploads\/2026\/03\/kham-pha-chi-tiet-ve-bang-xep-hang-keonhacai5-300x150.jpg 300w, https:\/\/www.keonhacai5.immo\/vi-vn\/wp-content\/uploads\/2026\/03\/kham-pha-chi-tiet-ve-bang-xep-hang-keonhacai5-768x384.jpg 768w\" sizes=\"auto, (max-width: 800px) 100vw, 800px\" \/><figcaption id=\"caption-attachment-345\" class=\"wp-caption-text\">Kh\u00e1m ph\u00e1 chi ti\u1ebft v\u1ec1 b\u1ea3ng x\u1ebfp h\u1ea1ng KEONHACAI5<\/figcaption><\/figure>\n<h2><b>Nh\u1eefng gi\u1ea3i \u0111\u1ea5u \u0111\u01b0\u1ee3c c\u1eadp nh\u1eadt tr\u00ean b\u1ea3ng x\u1ebfp h\u1ea1ng KEONHACAI5<\/b><\/h2>\n<p><span style=\"font-weight: 400;\">\u0110\u1ec3 \u0111\u00e1p \u1ee9ng nhu c\u1ea7u theo d\u00f5i \u0111a d\u1ea1ng c\u1ee7a ng\u01b0\u1eddi d\u00f9ng, KEONHACAI5 x\u00e2y d\u1ef1ng b\u1ea3ng x\u1ebfp h\u1ea1ng cho h\u1ea7u h\u1ebft c\u00e1c gi\u1ea3i \u0111\u1ea5u l\u1edbn nh\u1ecf tr\u00ean to\u00e0n th\u1ebf gi\u1edbi. Tr\u01b0\u1edbc khi \u0111i v\u00e0o t\u1eebng gi\u1ea3i c\u1ee5 th\u1ec3, c\u00f3 th\u1ec3 th\u1ea5y r\u1eb1ng vi\u1ec7c c\u1eadp nh\u1eadt \u0111\u1ea7y \u0111\u1ee7 nhi\u1ec1u s\u00e2n ch\u01a1i gi\u00fap ng\u01b0\u1eddi d\u00f9ng kh\u00f4ng b\u1ecf l\u1ee1 b\u1ea5t k\u1ef3 di\u1ec5n bi\u1ebfn quan tr\u1ecdng n\u00e0o.<\/span><\/p>\n<ul>\n<li style=\"font-weight: 400;\" aria-level=\"1\"><b>C\u00e1c gi\u1ea3i v\u00f4 \u0111\u1ecbch qu\u1ed1c gia h\u00e0ng \u0111\u1ea7u:<\/b><span style=\"font-weight: 400;\"> Ngo\u1ea1i h\u1ea1ng Anh, La Liga, Serie A, Bundesliga hay Ligue 1 \u0111\u1ec1u \u0111\u01b0\u1ee3c c\u1eadp nh\u1eadt \u0111\u1ea7y \u0111\u1ee7 th\u1ee9 h\u1ea1ng sau m\u1ed7i v\u00f2ng \u0111\u1ea5u, ph\u1ea3n \u00e1nh ch\u00ednh x\u00e1c cu\u1ed9c \u0111ua v\u00f4 \u0111\u1ecbch v\u00e0 tr\u1ee5 h\u1ea1ng.<\/span><\/li>\n<li style=\"font-weight: 400;\" aria-level=\"1\"><b>Gi\u1ea3i \u0111\u1ea5u c\u1ea5p ch\u00e2u l\u1ee5c:<\/b><span style=\"font-weight: 400;\"> Champions League, Europa League, AFC Champions League\u2026 \u0111\u01b0\u1ee3c s\u1eafp x\u1ebfp khoa h\u1ecdc theo b\u1ea3ng \u0111\u1ea5u, gi\u00fap ng\u01b0\u1eddi xem theo d\u00f5i c\u1ee5c di\u1ec7n t\u1eebng b\u1ea3ng m\u1ed9t c\u00e1ch d\u1ec5 d\u00e0ng.<\/span><\/li>\n<li style=\"font-weight: 400;\" aria-level=\"1\"><b>Gi\u1ea3i \u0111\u1ea5u khu v\u1ef1c v\u00e0 trong n\u01b0\u1edbc:<\/b><span style=\"font-weight: 400;\"> Ngo\u00e0i c\u00e1c gi\u1ea3i l\u1edbn, b\u1ea3ng x\u1ebfp h\u1ea1ng KEONHACAI5 c\u00f2n c\u1eadp nh\u1eadt V-League, c\u00e1c gi\u1ea3i \u0110\u00f4ng Nam \u00c1 v\u00e0 nhi\u1ec1u gi\u1ea3i \u00edt ph\u1ed5 bi\u1ebfn h\u01a1n nh\u01b0ng v\u1eabn c\u00f3 l\u01b0\u1ee3ng ng\u01b0\u1eddi theo d\u00f5i \u1ed5n \u0111\u1ecbnh.<\/span><\/li>\n<\/ul>\n<h2><b>\u01afu \u0111i\u1ec3m n\u1ed5i b\u1eadt c\u1ee7a b\u1ea3ng x\u1ebfp h\u1ea1ng KEONHACAI5<\/b><\/h2>\n<p><span style=\"font-weight: 400;\">Kh\u00f4ng ph\u1ea3i ng\u1eabu nhi\u00ean m\u00e0 nhi\u1ec1u ng\u01b0\u1eddi d\u00f9ng l\u1ef1a ch\u1ecdn KEONHACAI5 l\u00e0m ngu\u1ed3n tham kh\u1ea3o ch\u00ednh khi theo d\u00f5i b\u00f3ng \u0111\u00e1. D\u01b0\u1edbi \u0111\u00e2y l\u00e0 nh\u1eefng \u01b0u \u0111i\u1ec3m n\u1ed5i b\u1eadt t\u1ea1o n\u00ean s\u1ef1 kh\u00e1c bi\u1ec7t. Nh\u1eefng l\u1ee3i th\u1ebf n\u00e0y gi\u00fap b\u1ea3ng x\u1ebfp h\u1ea1ng t\u1ea1i KEONHACAI5 tr\u1edf th\u00e0nh c\u00f4ng c\u1ee5 h\u1ed7 tr\u1ee3 \u0111\u1eafc l\u1ef1c cho c\u1ea3 ng\u01b0\u1eddi xem b\u00f3ng \u0111\u00e1 l\u1eabn ng\u01b0\u1eddi ch\u01a1i c\u00e1 c\u01b0\u1ee3c.<\/span><\/p>\n<ul>\n<li style=\"font-weight: 400;\" aria-level=\"1\"><b>C\u1eadp nh\u1eadt nhanh theo th\u1eddi gian th\u1ef1c:<\/b><span style=\"font-weight: 400;\"> Th\u1ee9 h\u1ea1ng \u0111\u01b0\u1ee3c thay \u0111\u1ed5i ngay sau khi tr\u1eadn \u0111\u1ea5u k\u1ebft th\u00fac, \u0111\u1ed3ng b\u1ed9 c\u00f9ng d\u1eef li\u1ec7u t\u1eeb <\/span><a href=\"https:\/\/keonhacai5.immo\/ket-qua-bong-da-keonhacai5\/\"><b>k\u1ebft qu\u1ea3 b\u00f3ng \u0111\u00e1 KEONHACAI5<\/b><\/a><span style=\"font-weight: 400;\">.<\/span><\/li>\n<li style=\"font-weight: 400;\" aria-level=\"1\"><b>Th\u00f4ng tin tr\u00ecnh b\u00e0y tr\u1ef1c quan, d\u1ec5 hi\u1ec3u:<\/b><span style=\"font-weight: 400;\"> C\u00e1c ch\u1ec9 s\u1ed1 \u0111\u01b0\u1ee3c s\u1eafp x\u1ebfp r\u00f5 r\u00e0ng, gi\u00fap ng\u01b0\u1eddi d\u00f9ng ch\u1ec9 c\u1ea7n v\u00e0i gi\u00e2y l\u00e0 c\u00f3 th\u1ec3 n\u1eafm \u0111\u01b0\u1ee3c t\u00ecnh h\u00ecnh t\u1ed5ng quan c\u1ee7a gi\u1ea3i \u0111\u1ea5u.<\/span><\/li>\n<li style=\"font-weight: 400;\" aria-level=\"1\"><b>\u0110\u1ed9 ch\u00ednh x\u00e1c cao:<\/b><span style=\"font-weight: 400;\"> D\u1eef li\u1ec7u \u0111\u01b0\u1ee3c t\u1ed5ng h\u1ee3p t\u1eeb nhi\u1ec1u ngu\u1ed3n uy t\u00edn, h\u1ea1n ch\u1ebf t\u1ed1i \u0111a sai s\u00f3t trong qu\u00e1 tr\u00ecnh c\u1eadp nh\u1eadt.<\/span><\/li>\n<\/ul>\n<h2><b>Vai tr\u00f2 c\u1ee7a b\u1ea3ng x\u1ebfp h\u1ea1ng KEONHACAI5 trong soi k\u00e8o b\u00f3ng \u0111\u00e1<\/b><\/h2>\n<p><span style=\"font-weight: 400;\">\u0110\u1ed1i v\u1edbi ng\u01b0\u1eddi th\u01b0\u1eddng xuy\u00ean soi k\u00e8o, b\u1ea3ng x\u1ebfp h\u1ea1ng kh\u00f4ng ch\u1ec9 mang t\u00ednh tham kh\u1ea3o m\u00e0 c\u00f2n l\u00e0 n\u1ec1n t\u1ea3ng \u0111\u1ec3 ph\u00e2n t\u00edch s\u00e2u h\u01a1n. Vi\u1ec7c k\u1ebft h\u1ee3p b\u1ea3ng x\u1ebfp h\u1ea1ng c\u00f9ng c\u00e1c d\u1eef li\u1ec7u kh\u00e1c s\u1ebd gi\u00fap qu\u00e1 tr\u00ecnh soi k\u00e8o tr\u1edf n\u00ean logic v\u00e0 hi\u1ec7u qu\u1ea3 h\u01a1n.<\/span><\/p>\n<ul>\n<li style=\"font-weight: 400;\" aria-level=\"1\"><b>\u0110\u00e1nh gi\u00e1 phong \u0111\u1ed9 t\u1ed5ng th\u1ec3 c\u1ee7a \u0111\u1ed9i b\u00f3ng:<\/b><span style=\"font-weight: 400;\"> V\u1ecb tr\u00ed tr\u00ean b\u1ea3ng x\u1ebfp h\u1ea1ng ph\u1ea3n \u00e1nh s\u1ef1 \u1ed5n \u0111\u1ecbnh v\u00e0 hi\u1ec7u qu\u1ea3 thi \u0111\u1ea5u trong th\u1eddi gian d\u00e0i.<\/span><\/li>\n<li style=\"font-weight: 400;\" aria-level=\"1\"><b>So s\u00e1nh s\u1ee9c m\u1ea1nh gi\u1eefa hai \u0111\u1ed9i tr\u01b0\u1edbc tr\u1eadn \u0111\u1ea5u:<\/b><span style=\"font-weight: 400;\"> Kho\u1ea3ng c\u00e1ch \u0111i\u1ec3m s\u1ed1, hi\u1ec7u s\u1ed1 b\u00e0n th\u1eafng b\u1ea1i l\u00e0 c\u01a1 s\u1edf quan tr\u1ecdng \u0111\u1ec3 nh\u1eadn \u0111\u1ecbnh k\u00e8o ch\u00e2u \u00c1 ho\u1eb7c k\u00e8o ch\u00e2u \u00c2u.<\/span><\/li>\n<li style=\"font-weight: 400;\" aria-level=\"1\"><b>K\u1ebft h\u1ee3p c\u00f9ng k\u1ebft qu\u1ea3 b\u00f3ng \u0111\u00e1 KEONHACAI5:<\/b><span style=\"font-weight: 400;\"> Khi \u0111\u1ed1i chi\u1ebfu b\u1ea3ng x\u1ebfp h\u1ea1ng v\u1edbi chu\u1ed7i k\u1ebft qu\u1ea3 g\u1ea7n \u0111\u00e2y, ng\u01b0\u1eddi ch\u01a1i c\u00f3 th\u1ec3 ph\u00e1t hi\u1ec7n nh\u1eefng bi\u1ebfn \u0111\u1ed9ng phong \u0111\u1ed9 b\u1ea5t th\u01b0\u1eddng.<\/span><\/li>\n<\/ul>\n<h2><b>C\u00e1ch theo d\u00f5i b\u1ea3ng x\u1ebfp h\u1ea1ng KEONHACAI5 hi\u1ec7u qu\u1ea3<\/b><\/h2>\n<p><span style=\"font-weight: 400;\">\u0110\u1ec3 khai th\u00e1c t\u1ed1i \u0111a gi\u00e1 tr\u1ecb c\u1ee7a b\u1ea3ng x\u1ebfp h\u1ea1ng, ng\u01b0\u1eddi d\u00f9ng c\u1ea7n bi\u1ebft c\u00e1ch theo d\u00f5i v\u00e0 ph\u00e2n t\u00edch th\u00f4ng tin m\u1ed9t c\u00e1ch h\u1ee3p l\u00fd. D\u01b0\u1edbi \u0111\u00e2y l\u00e0 m\u1ed9t s\u1ed1 g\u1ee3i \u00fd gi\u00fap b\u1ea1n s\u1eed d\u1ee5ng b\u1ea3ng x\u1ebfp h\u1ea1ng KEONHACAI5 hi\u1ec7u qu\u1ea3 h\u01a1n<\/span><i><span style=\"font-weight: 400;\">.<\/span><\/i><\/p>\n<ul>\n<li style=\"font-weight: 400;\" aria-level=\"1\"><b>Theo d\u00f5i s\u1ef1 thay \u0111\u1ed5i th\u1ee9 h\u1ea1ng qua t\u1eebng v\u00f2ng \u0111\u1ea5u:<\/b><span style=\"font-weight: 400;\"> Kh\u00f4ng ch\u1ec9 nh\u00ecn v\u00e0o v\u1ecb tr\u00ed hi\u1ec7n t\u1ea1i, h\u00e3y ch\u00fa \u00fd xu h\u01b0\u1edbng t\u0103ng ho\u1eb7c gi\u1ea3m c\u1ee7a \u0111\u1ed9i b\u00f3ng.<\/span><\/li>\n<li style=\"font-weight: 400;\" aria-level=\"1\"><b>So s\u00e1nh phong \u0111\u1ed9 s\u00e2n nh\u00e0 v\u00e0 s\u00e2n kh\u00e1ch:<\/b><span style=\"font-weight: 400;\"> M\u1ed9t s\u1ed1 \u0111\u1ed9i c\u00f3 v\u1ecb tr\u00ed cao nh\u01b0ng phong \u0111\u1ed9 s\u00e2n kh\u00e1ch kh\u00f4ng \u1ed5n \u0111\u1ecbnh, \u0111\u00e2y l\u00e0 chi ti\u1ebft r\u1ea5t \u0111\u00e1ng l\u01b0u \u00fd.<\/span><\/li>\n<li style=\"font-weight: 400;\" aria-level=\"1\"><b>K\u1ebft h\u1ee3p nhi\u1ec1u d\u1eef li\u1ec7u kh\u00e1c nhau:<\/b><span style=\"font-weight: 400;\"> B\u1ea3ng x\u1ebfp h\u1ea1ng n\u00ean \u0111\u01b0\u1ee3c s\u1eed d\u1ee5ng song song v\u1edbi l\u1ecbch thi \u0111\u1ea5u v\u00e0 k\u1ebft qu\u1ea3 b\u00f3ng \u0111\u00e1 KEONHACAI5 \u0111\u1ec3 c\u00f3 g\u00f3c nh\u00ecn to\u00e0n di\u1ec7n.<\/span><\/li>\n<\/ul>\n<h2><b>K\u1ebft lu\u1eadn<\/b><\/h2>\n<p><a href=\"https:\/\/keonhacai5.immo\/bang-xep-hang-keonhacai5\/\"><b>B\u1ea3ng x\u1ebfp h\u1ea1ng KEONHACAI5<\/b><\/a><span style=\"font-weight: 400;\"> kh\u00f4ng ch\u1ec9 l\u00e0 n\u01a1i hi\u1ec3n th\u1ecb th\u1ee9 h\u1ea1ng \u0111\u01a1n thu\u1ea7n m\u00e0 c\u00f2n l\u00e0 c\u00f4ng c\u1ee5 h\u1ed7 tr\u1ee3 ph\u00e2n t\u00edch b\u00f3ng \u0111\u00e1 to\u00e0n di\u1ec7n. V\u1edbi kh\u1ea3 n\u0103ng c\u1eadp nh\u1eadt nhanh, th\u00f4ng tin ch\u00ednh x\u00e1c v\u00e0 c\u00e1ch tr\u00ecnh b\u00e0y tr\u1ef1c quan, chuy\u00ean m\u1ee5c n\u00e0y \u0111\u00e1p \u1ee9ng t\u1ed1t nhu c\u1ea7u theo d\u00f5i c\u1ee7a ng\u01b0\u1eddi h\u00e2m m\u1ed9 c\u0169ng nh\u01b0 ng\u01b0\u1eddi ch\u01a1i c\u00e1 c\u01b0\u1ee3c. Khi k\u1ebft h\u1ee3p c\u00f9ng k\u1ebft qu\u1ea3 b\u00f3ng \u0111\u00e1 <\/span><b>KEONHACAI5<\/b><span style=\"font-weight: 400;\">, ng\u01b0\u1eddi d\u00f9ng s\u1ebd c\u00f3 th\u00eam nhi\u1ec1u d\u1eef li\u1ec7u gi\u00e1 tr\u1ecb \u0111\u1ec3 \u0111\u00e1nh gi\u00e1 phong \u0111\u1ed9 v\u00e0 \u0111\u01b0a ra nh\u1eadn \u0111\u1ecbnh h\u1ee3p l\u00fd. \u0110\u00e2y ch\u1eafc ch\u1eafn l\u00e0 ngu\u1ed3n tham kh\u1ea3o kh\u00f4ng th\u1ec3 thi\u1ebfu cho nh\u1eefng ai quan t\u00e2m \u0111\u1ebfn b\u00f3ng \u0111\u00e1 tr\u1ef1c tuy\u1ebfn hi\u1ec7n nay.<\/span><\/p>\n","protected":false},"excerpt":{"rendered":"<p>B\u1ea3ng X\u1ebfp H\u1ea1ng KEONHACAI5 &#8211; C\u1eadp Nh\u1eadt Th\u1ee9 H\u1ea1ng Chu\u1ea9n X\u00e1c Trong b\u00f3ng \u0111\u00e1 hi\u1ec7n \u0111\u1ea1i, vi\u1ec7c theo d\u00f5i b\u1ea3ng x\u1ebfp h\u1ea1ng kh\u00f4ng ch\u1ec9 d\u00e0nh cho ng\u01b0\u1eddi h\u00e2m m\u1ed9 m\u00e0 c\u00f2n l\u00e0 y\u1ebfu t\u1ed1 quan tr\u1ecdng v\u1edbi nh\u1eefng ai th\u01b0\u1eddng xuy\u00ean soi k\u00e8o, ph\u00e2n t\u00edch v\u00e0 \u0111\u00e1nh gi\u00e1 phong \u0111\u1ed9 \u0111\u1ed9i b\u00f3ng. M\u1ed9t b\u1ea3ng x\u1ebfp [&#8230;]\n","protected":false},"author":1,"featured_media":344,"parent":0,"menu_order":0,"comment_status":"closed","ping_status":"closed","template":"","meta":{"footnotes":""},"class_list":["post-47","page","type-page","status-publish","has-post-thumbnail","hentry"],"acf":[],"_links":{"self":[{"href":"https:\/\/www.keonhacai5.immo\/vi-vn\/wp-json\/wp\/v2\/pages\/47","targetHints":{"allow":["GET"]}}],"collection":[{"href":"https:\/\/www.keonhacai5.immo\/vi-vn\/wp-json\/wp\/v2\/pages"}],"about":[{"href":"https:\/\/www.keonhacai5.immo\/vi-vn\/wp-json\/wp\/v2\/types\/page"}],"author":[{"embeddable":true,"href":"https:\/\/www.keonhacai5.immo\/vi-vn\/wp-json\/wp\/v2\/users\/1"}],"replies":[{"embeddable":true,"href":"https:\/\/www.keonhacai5.immo\/vi-vn\/wp-json\/wp\/v2\/comments?post=47"}],"version-history":[{"count":6,"href":"https:\/\/www.keonhacai5.immo\/vi-vn\/wp-json\/wp\/v2\/pages\/47\/revisions"}],"predecessor-version":[{"id":352,"href":"https:\/\/www.keonhacai5.immo\/vi-vn\/wp-json\/wp\/v2\/pages\/47\/revisions\/352"}],"wp:featuredmedia":[{"embeddable":true,"href":"https:\/\/www.keonhacai5.immo\/vi-vn\/wp-json\/wp\/v2\/media\/344"}],"wp:attachment":[{"href":"https:\/\/www.keonhacai5.immo\/vi-vn\/wp-json\/wp\/v2\/media?parent=47"}],"curies":[{"name":"wp","href":"https:\/\/api.w.org\/{rel}","templated":true}]}}