{"id":46,"date":"2026-02-24T16:07:56","date_gmt":"2026-02-24T09:07:56","guid":{"rendered":"https:\/\/keonhacai5.immo\/?page_id=46"},"modified":"2026-03-01T16:12:31","modified_gmt":"2026-03-01T09:12:31","slug":"ty-le-keo-keonhacai5","status":"publish","type":"page","link":"https:\/\/www.keonhacai5.immo\/vi-vn\/ty-le-keo-keonhacai5\/","title":{"rendered":"T\u1ef7 L\u1ec7 K\u00e8o KEONHACAI5 &#8211; Ph\u00e2n T\u00edch Chi Ti\u1ebft Tr\u01b0\u1edbc Khi V\u00e0o K\u00e8o"},"content":{"rendered":"<h1 style=\"text-align: center;\"><b>T\u1ef7 L\u1ec7 K\u00e8o KEONHACAI5 &#8211; Ph\u00e2n T\u00edch Chi Ti\u1ebft Tr\u01b0\u1edbc Khi V\u00e0o K\u00e8o<\/b><\/h1>\n<p><span style=\"font-weight: 400;\">Trong th\u1ebf gi\u1edbi c\u00e1 c\u01b0\u1ee3c b\u00f3ng \u0111\u00e1 tr\u1ef1c tuy\u1ebfn, vi\u1ec7c ti\u1ebfp c\u1eadn ngu\u1ed3n th\u00f4ng tin t\u1ef7 l\u1ec7 k\u00e8o uy t\u00edn v\u00e0 ch\u00ednh x\u00e1c \u0111\u00f3ng vai tr\u00f2 then ch\u1ed1t quy\u1ebft \u0111\u1ecbnh \u0111\u1ebfn hi\u1ec7u qu\u1ea3 soi k\u00e8o c\u1ee7a ng\u01b0\u1eddi ch\u01a1i. Kh\u00f4ng ch\u1ec9 \u0111\u01a1n thu\u1ea7n l\u00e0 c\u00e1c con s\u1ed1, t\u1ef7 l\u1ec7 k\u00e8o c\u00f2n ph\u1ea3n \u00e1nh \u0111\u00e1nh gi\u00e1 chuy\u00ean m\u00f4n, bi\u1ebfn \u0111\u1ed9ng th\u1ecb tr\u01b0\u1eddng v\u00e0 xu h\u01b0\u1edbng \u0111\u1eb7t c\u01b0\u1ee3c t\u1eeb nh\u00e0 c\u00e1i. Ch\u00ednh v\u00ec v\u1eady, nhi\u1ec1u ng\u01b0\u1eddi ch\u01a1i hi\u1ec7n nay \u01b0u ti\u00ean l\u1ef1a ch\u1ecdn nh\u1eefng n\u1ec1n t\u1ea3ng uy t\u00edn nh\u01b0 t\u1ea1i <\/span><a href=\"https:\/\/keonhacai5.immo\/\"><b>KEONHACAI5<\/b><\/a><span style=\"font-weight: 400;\"> \u0111\u1ec3 gi\u00fap cung c\u1ea5p k\u00e8o nhanh, chu\u1ea9n v\u00e0 d\u1ec5 theo d\u00f5i. Trong s\u1ed1 \u0111\u00f3, <\/span><b>t\u1ef7 l\u1ec7 k\u00e8o KEONHACAI5<\/b><span style=\"font-weight: 400;\"> \u0111ang \u0111\u01b0\u1ee3c \u0111\u00e1nh gi\u00e1 cao nh\u1edd kh\u1ea3 n\u0103ng c\u1eadp nh\u1eadt li\u00ean t\u1ee5c, d\u1eef li\u1ec7u r\u00f5 r\u00e0ng c\u00f9ng h\u1ec7 th\u1ed1ng ph\u00e2n t\u00edch h\u1ed7 tr\u1ee3 to\u00e0n di\u1ec7n.<\/span><\/p>\n<h2><b>T\u1ef7 l\u1ec7 k\u00e8o KEONHACAI5 l\u00e0 g\u00ec<\/b><\/h2>\n<p><span style=\"font-weight: 400;\">T\u1ef7 l\u1ec7 k\u00e8o KEONHACAI5 l\u00e0 h\u1ec7 th\u1ed1ng t\u1ed5ng h\u1ee3p v\u00e0 hi\u1ec3n th\u1ecb c\u00e1c lo\u1ea1i k\u00e8o b\u00f3ng \u0111\u00e1 ph\u1ed5 bi\u1ebfn t\u1eeb nhi\u1ec1u nh\u00e0 c\u00e1i l\u1edbn tr\u00ean th\u1ecb tr\u01b0\u1eddng. Th\u00f4ng tin k\u00e8o \u0111\u01b0\u1ee3c c\u1eadp nh\u1eadt theo th\u1eddi gian th\u1ef1c, ph\u1ea3n \u00e1nh s\u00e1t di\u1ec5n bi\u1ebfn tr\u01b0\u1edbc gi\u1edd b\u00f3ng l\u0103n v\u00e0 trong m\u1ed9t s\u1ed1 tr\u01b0\u1eddng h\u1ee3p l\u00e0 bi\u1ebfn \u0111\u1ed9ng s\u1edbm t\u1eeb th\u1ecb tr\u01b0\u1eddng ch\u00e2u \u00c1 l\u1eabn ch\u00e2u \u00c2u.<\/span><\/p>\n<p><span style=\"font-weight: 400;\">\u0110i\u1ec3m m\u1ea1nh c\u1ee7a KEONHACAI5 kh\u00f4ng ch\u1ec9 n\u1eb1m \u1edf t\u1ed1c \u0111\u1ed9 c\u1eadp nh\u1eadt, m\u00e0 c\u00f2n \u1edf c\u00e1ch tr\u00ecnh b\u00e0y khoa h\u1ecdc, d\u1ec5 hi\u1ec3u. Ng\u01b0\u1eddi ch\u01a1i d\u00f9 m\u1edbi hay \u0111\u00e3 c\u00f3 kinh nghi\u1ec7m \u0111\u1ec1u c\u00f3 th\u1ec3 nhanh ch\u00f3ng n\u1eafm b\u1eaft k\u00e8o ch\u00ednh, k\u00e8o ph\u1ee5, t\u1ef7 l\u1ec7 \u0103n ti\u1ec1n c\u0169ng nh\u01b0 s\u1ef1 thay \u0111\u1ed5i c\u1ee7a t\u1eebng m\u1ed1c k\u00e8o theo th\u1eddi gian.<\/span><\/p>\n<figure id=\"attachment_341\" aria-describedby=\"caption-attachment-341\" style=\"width: 800px\" class=\"wp-caption aligncenter\"><img loading=\"lazy\" decoding=\"async\" class=\"size-full wp-image-341\" src=\"https:\/\/keonhacai5.immo\/wp-content\/uploads\/2026\/03\/kham-pha-toan-bo-ve-ty-le-keo-keonhacai5.jpg\" alt=\"Kh\u00e1m ph\u00e1 to\u00e0n b\u1ed9 v\u1ec1 t\u1ef7 l\u1ec7 k\u00e8o KEONHACAI5\" width=\"800\" height=\"400\" title=\"\" srcset=\"https:\/\/www.keonhacai5.immo\/vi-vn\/wp-content\/uploads\/2026\/03\/kham-pha-toan-bo-ve-ty-le-keo-keonhacai5.jpg 800w, https:\/\/www.keonhacai5.immo\/vi-vn\/wp-content\/uploads\/2026\/03\/kham-pha-toan-bo-ve-ty-le-keo-keonhacai5-300x150.jpg 300w, https:\/\/www.keonhacai5.immo\/vi-vn\/wp-content\/uploads\/2026\/03\/kham-pha-toan-bo-ve-ty-le-keo-keonhacai5-768x384.jpg 768w\" sizes=\"auto, (max-width: 800px) 100vw, 800px\" \/><figcaption id=\"caption-attachment-341\" class=\"wp-caption-text\">Kh\u00e1m ph\u00e1 to\u00e0n b\u1ed9 v\u1ec1 t\u1ef7 l\u1ec7 k\u00e8o KEONHACAI5<\/figcaption><\/figure>\n<h2><b>C\u00e1c lo\u1ea1i t\u1ef7 l\u1ec7 k\u00e8o ph\u1ed5 bi\u1ebfn t\u1ea1i KEONHACAI5<\/b><\/h2>\n<p><span style=\"font-weight: 400;\">\u0110\u1ec3 h\u1ed7 tr\u1ee3 ng\u01b0\u1eddi ch\u01a1i soi k\u00e8o to\u00e0n di\u1ec7n, KEONHACAI5 cung c\u1ea5p \u0111\u1ea7y \u0111\u1ee7 c\u00e1c lo\u1ea1i k\u00e8o th\u00f4ng d\u1ee5ng. M\u1ed7i lo\u1ea1i k\u00e8o \u0111\u1ec1u c\u00f3 \u0111\u1eb7c \u0111i\u1ec3m ri\u00eang v\u00e0 ph\u00f9 h\u1ee3p v\u1edbi t\u1eebng phong c\u00e1ch ch\u01a1i kh\u00e1c nhau.<\/span><\/p>\n<h3><b>K\u00e8o ch\u00e2u \u00c1<\/b><\/h3>\n<p><span style=\"font-weight: 400;\">\u0110\u00e2y l\u00e0 lo\u1ea1i k\u00e8o \u0111\u01b0\u1ee3c quan t\u00e2m nhi\u1ec1u nh\u1ea5t t\u1ea1i KEONHACAI5. K\u00e8o ch\u00e2u \u00c1 t\u1eadp trung v\u00e0o t\u1ef7 l\u1ec7 ch\u1ea5p, gi\u00fap c\u00e2n b\u1eb1ng s\u1ee9c m\u1ea1nh gi\u1eefa hai \u0111\u1ed9i. Ng\u01b0\u1eddi ch\u01a1i c\u00f3 th\u1ec3 d\u1ec5 d\u00e0ng theo d\u00f5i bi\u1ebfn \u0111\u1ed9ng k\u00e8o ch\u1ea5p tr\u01b0\u1edbc tr\u1eadn \u0111\u1ec3 \u0111\u00e1nh gi\u00e1 ni\u1ec1m tin c\u1ee7a nh\u00e0 c\u00e1i v\u00e0 th\u1ecb tr\u01b0\u1eddng.<\/span><\/p>\n<h3><b>K\u00e8o ch\u00e2u \u00c2u<\/b><\/h3>\n<p><span style=\"font-weight: 400;\">K\u00e8o ch\u00e2u \u00c2u mang t\u00ednh tr\u1ef1c quan v\u1edbi ba l\u1ef1a ch\u1ecdn: th\u1eafng \u2013 h\u00f2a \u2013 thua. Tr\u00ean KEONHACAI5, k\u00e8o ch\u00e2u \u00c2u \u0111\u01b0\u1ee3c c\u1eadp nh\u1eadt r\u00f5 r\u00e0ng v\u1edbi t\u1ef7 l\u1ec7 \u0103n ti\u1ec1n c\u1ee5 th\u1ec3, gi\u00fap ng\u01b0\u1eddi ch\u01a1i d\u1ec5 so s\u00e1nh v\u00e0 \u0111\u01b0a ra l\u1ef1a ch\u1ecdn ph\u00f9 h\u1ee3p.<\/span><\/p>\n<h3><b>K\u00e8o t\u00e0i x\u1ec9u<\/b><\/h3>\n<p><span style=\"font-weight: 400;\">K\u00e8o t\u00e0i x\u1ec9u t\u1ea1i KEONHACAI5 hi\u1ec3n th\u1ecb \u0111\u1ea7y \u0111\u1ee7 m\u1ed1c b\u00e0n th\u1eafng v\u00e0 t\u1ef7 l\u1ec7 th\u01b0\u1edfng. \u0110\u00e2y l\u00e0 lo\u1ea1i k\u00e8o \u0111\u01b0\u1ee3c nhi\u1ec1u ng\u01b0\u1eddi \u01b0a chu\u1ed9ng nh\u1edd t\u00ednh linh ho\u1ea1t, kh\u00f4ng ph\u1ee5 thu\u1ed9c v\u00e0o k\u1ebft qu\u1ea3 th\u1eafng thua c\u1ee7a \u0111\u1ed9i b\u00f3ng.<\/span><\/p>\n<h3><b>K\u00e8o ph\u1ee5 v\u00e0 k\u00e8o \u0111\u1eb7c bi\u1ec7t<\/b><\/h3>\n<p><span style=\"font-weight: 400;\">Ngo\u00e0i c\u00e1c k\u00e8o ch\u00ednh, KEONHACAI5 c\u00f2n t\u1ed5ng h\u1ee3p nhi\u1ec1u k\u00e8o ph\u1ee5 nh\u01b0 ph\u1ea1t g\u00f3c, th\u1ebb ph\u1ea1t, hi\u1ec7p 1\u2026 t\u1ea1o th\u00eam l\u1ef1a ch\u1ecdn cho ng\u01b0\u1eddi ch\u01a1i th\u00edch ph\u00e2n t\u00edch chuy\u00ean s\u00e2u.<\/span><\/p>\n<h2><b>\u01afu \u0111i\u1ec3m n\u1ed5i b\u1eadt c\u1ee7a t\u1ef7 l\u1ec7 k\u00e8o KEONHACAI5<\/b><\/h2>\n<p><span style=\"font-weight: 400;\">Kh\u00f4ng ph\u1ea3i ng\u1eabu nhi\u00ean m\u00e0 nhi\u1ec1u ng\u01b0\u1eddi ch\u01a1i \u0111\u00e1nh gi\u00e1 cao KEONHACAI5. N\u1ec1n t\u1ea3ng n\u00e0y s\u1edf h\u1eefu nhi\u1ec1u \u01b0u \u0111i\u1ec3m gi\u00fap vi\u1ec7c soi k\u00e8o tr\u1edf n\u00ean thu\u1eadn l\u1ee3i h\u01a1n.<\/span><\/p>\n<h3><b>C\u1eadp nh\u1eadt nhanh v\u00e0 li\u00ean t\u1ee5c<\/b><\/h3>\n<p><span style=\"font-weight: 400;\">T\u1ef7 l\u1ec7 k\u00e8o t\u1ea1i KEONHACAI5 \u0111\u01b0\u1ee3c l\u00e0m m\u1edbi li\u00ean t\u1ee5c theo th\u1eddi gian th\u1ef1c. Ng\u01b0\u1eddi ch\u01a1i c\u00f3 th\u1ec3 theo d\u00f5i bi\u1ebfn \u0111\u1ed9ng k\u00e8o s\u00e1t gi\u1edd b\u00f3ng l\u0103n \u0111\u1ec3 n\u1eafm b\u1eaft xu h\u01b0\u1edbng th\u1ecb tr\u01b0\u1eddng.<\/span><\/p>\n<h3><b>D\u1eef li\u1ec7u r\u00f5 r\u00e0ng, d\u1ec5 theo d\u00f5i<\/b><\/h3>\n<p><span style=\"font-weight: 400;\">Giao di\u1ec7n hi\u1ec3n th\u1ecb k\u00e8o khoa h\u1ecdc, s\u1eafp x\u1ebfp h\u1ee3p l\u00fd theo t\u1eebng gi\u1ea3i \u0111\u1ea5u. Vi\u1ec7c k\u1ebft h\u1ee3p k\u00e8o v\u1edbi <\/span><a href=\"https:\/\/keonhacai5.immo\/bang-xep-hang-keonhacai5\/\"><b>b\u1ea3ng x\u1ebfp h\u1ea1ng KEONHACAI5<\/b><\/a><span style=\"font-weight: 400;\"> gi\u00fap ng\u01b0\u1eddi ch\u01a1i c\u00f3 c\u00e1i nh\u00ecn t\u1ed5ng quan v\u1ec1 phong \u0111\u1ed9 v\u00e0 v\u1ecb tr\u00ed c\u1ee7a c\u00e1c \u0111\u1ed9i b\u00f3ng.<\/span><\/p>\n<h3><b>H\u1ed7 tr\u1ee3 ph\u00e2n t\u00edch soi k\u00e8o<\/b><\/h3>\n<p><span style=\"font-weight: 400;\">B\u00ean c\u1ea1nh t\u1ef7 l\u1ec7 k\u00e8o, KEONHACAI5 c\u00f2n cung c\u1ea5p nhi\u1ec1u th\u00f4ng tin b\u1ed5 tr\u1ee3 nh\u01b0 l\u1ecbch thi \u0111\u1ea5u, phong \u0111\u1ed9, \u0111\u1ed1i \u0111\u1ea7u\u2026 gi\u00fap ng\u01b0\u1eddi ch\u01a1i \u0111\u01b0a ra quy\u1ebft \u0111\u1ecbnh c\u00f3 c\u01a1 s\u1edf h\u01a1n.<\/span><\/p>\n<h2><b>H\u01b0\u1edbng d\u1eabn xem t\u1ef7 l\u1ec7 k\u00e8o KEONHACAI5 hi\u1ec7u qu\u1ea3<\/b><\/h2>\n<p><span style=\"font-weight: 400;\">\u0110\u1ec3 t\u1eadn d\u1ee5ng t\u1ed1i \u0111a l\u1ee3i th\u1ebf t\u1eeb n\u1ec1n t\u1ea3ng, ng\u01b0\u1eddi ch\u01a1i n\u00ean n\u1eafm r\u00f5 c\u00e1ch \u0111\u1ecdc v\u00e0 ph\u00e2n t\u00edch k\u00e8o \u0111\u00fang c\u00e1ch.<\/span><\/p>\n<h3><b>Theo d\u00f5i bi\u1ebfn \u0111\u1ed9ng k\u00e8o<\/b><\/h3>\n<p><span style=\"font-weight: 400;\">Bi\u1ebfn \u0111\u1ed9ng k\u00e8o th\u01b0\u1eddng ph\u1ea3n \u00e1nh d\u00f2ng ti\u1ec1n \u0111\u1ed5 v\u00e0o m\u1ed9t c\u1eeda nh\u1ea5t \u0111\u1ecbnh. Vi\u1ec7c theo d\u00f5i s\u1ef1 thay \u0111\u1ed5i c\u1ee7a k\u00e8o ch\u1ea5p v\u00e0 t\u1ef7 l\u1ec7 \u0103n ti\u1ec1n t\u1ea1i KEONHACAI5 gi\u00fap ng\u01b0\u1eddi ch\u01a1i nh\u1eadn di\u1ec7n xu h\u01b0\u1edbng \u0111\u1eb7t c\u01b0\u1ee3c.<\/span><\/p>\n<h3><b>K\u1ebft h\u1ee3p b\u1ea3ng x\u1ebfp h\u1ea1ng v\u00e0 phong \u0111\u1ed9<\/b><\/h3>\n<p><span style=\"font-weight: 400;\">Kh\u00f4ng n\u00ean ch\u1ec9 nh\u00ecn v\u00e0o t\u1ef7 l\u1ec7 k\u00e8o. Vi\u1ec7c \u0111\u1ed1i chi\u1ebfu v\u1edbi b\u1ea3ng x\u1ebfp h\u1ea1ng KEONHACAI5, phong \u0111\u1ed9 g\u1ea7n \u0111\u00e2y v\u00e0 l\u1ecbch thi \u0111\u1ea5u d\u00e0y hay th\u01b0a s\u1ebd gi\u00fap d\u1ef1 \u0111o\u00e1n ch\u00ednh x\u00e1c h\u01a1n.<\/span><\/p>\n<h3><b>L\u1ef1a ch\u1ecdn th\u1eddi \u0111i\u1ec3m v\u00e0o k\u00e8o h\u1ee3p l\u00fd<\/b><\/h3>\n<p><span style=\"font-weight: 400;\">KEONHACAI5 c\u1eadp nh\u1eadt k\u00e8o s\u1edbm v\u00e0 s\u00e1t gi\u1edd, do \u0111\u00f3 ng\u01b0\u1eddi ch\u01a1i c\u00f3 th\u1ec3 c\u00e2n nh\u1eafc v\u00e0o k\u00e8o \u1edf th\u1eddi \u0111i\u1ec3m t\u1ef7 l\u1ec7 \u0111\u1eb9p nh\u1ea5t thay v\u00ec qu\u00e1 v\u1ed9i v\u00e0ng.<\/span><\/p>\n<h2><b>V\u00ec sao n\u00ean theo d\u00f5i t\u1ef7 l\u1ec7 k\u00e8o KEONHACAI5 m\u1ed7i ng\u00e0y<\/b><\/h2>\n<p><span style=\"font-weight: 400;\">Vi\u1ec7c c\u1eadp nh\u1eadt k\u00e8o th\u01b0\u1eddng xuy\u00ean mang l\u1ea1i nhi\u1ec1u l\u1ee3i \u00edch cho ng\u01b0\u1eddi ch\u01a1i c\u00e1 c\u01b0\u1ee3c b\u00f3ng \u0111\u00e1.<\/span><\/p>\n<h3><b>N\u1eafm b\u1eaft xu h\u01b0\u1edbng th\u1ecb tr\u01b0\u1eddng<\/b><\/h3>\n<p><span style=\"font-weight: 400;\">Theo d\u00f5i t\u1ef7 l\u1ec7 k\u00e8o m\u1ed7i ng\u00e0y gi\u00fap ng\u01b0\u1eddi ch\u01a1i hi\u1ec3u \u0111\u01b0\u1ee3c c\u00e1ch nh\u00e0 c\u00e1i \u0111i\u1ec1u ch\u1ec9nh k\u00e8o v\u00e0 xu h\u01b0\u1edbng \u0111\u1eb7t c\u01b0\u1ee3c chung.<\/span><\/p>\n<h3><b>Ch\u1ee7 \u0111\u1ed9ng ph\u00e2n t\u00edch tr\u01b0\u1edbc tr\u1eadn<\/b><\/h3>\n<p><span style=\"font-weight: 400;\">Nh\u1edd c\u00f3 d\u1eef li\u1ec7u s\u1edbm, ng\u01b0\u1eddi ch\u01a1i c\u00f3 th\u1ec3 chu\u1ea9n b\u1ecb ph\u01b0\u01a1ng \u00e1n soi k\u00e8o tr\u01b0\u1edbc khi tr\u1eadn \u0111\u1ea5u di\u1ec5n ra, thay v\u00ec quy\u1ebft \u0111\u1ecbnh v\u1ed9i v\u00e0ng.<\/span><\/p>\n<h3><b>K\u1ebft h\u1ee3p nhi\u1ec1u y\u1ebfu t\u1ed1 \u0111\u1ec3 t\u1ed1i \u01b0u l\u1ef1a ch\u1ecdn<\/b><\/h3>\n<p><span style=\"font-weight: 400;\">Khi k\u1ebft h\u1ee3p t\u1ef7 l\u1ec7 k\u00e8o, b\u1ea3ng x\u1ebfp h\u1ea1ng KEONHACAI5 v\u00e0 th\u00f4ng tin \u0111\u1ed9i b\u00f3ng, kh\u1ea3 n\u0103ng \u0111\u01b0a ra l\u1ef1a ch\u1ecdn ch\u00ednh x\u00e1c s\u1ebd cao h\u01a1n.<\/span><\/p>\n<h2><b>K\u1ebft lu\u1eadn<\/b><\/h2>\n<p><span style=\"font-weight: 400;\">C\u00f3 th\u1ec3 th\u1ea5y, <\/span><a href=\"https:\/\/keonhacai5.immo\/ty-le-keo-keonhacai5\/\"><b>t\u1ef7 l\u1ec7 k\u00e8o KEONHACAI5<\/b><\/a><span style=\"font-weight: 400;\"> kh\u00f4ng ch\u1ec9 \u0111\u01a1n thu\u1ea7n l\u00e0 n\u01a1i hi\u1ec3n th\u1ecb c\u00e1c con s\u1ed1 c\u00e1 c\u01b0\u1ee3c, m\u00e0 c\u00f2n l\u00e0 c\u00f4ng c\u1ee5 h\u1ed7 tr\u1ee3 soi k\u00e8o to\u00e0n di\u1ec7n cho ng\u01b0\u1eddi ch\u01a1i b\u00f3ng \u0111\u00e1 tr\u1ef1c tuy\u1ebfn. V\u1edbi \u01b0u \u0111i\u1ec3m c\u1eadp nh\u1eadt nhanh, d\u1eef li\u1ec7u r\u00f5 r\u00e0ng v\u00e0 kh\u1ea3 n\u0103ng k\u1ebft h\u1ee3p c\u00f9ng b\u1ea3ng x\u1ebfp h\u1ea1ng, n\u1ec1n t\u1ea3ng n\u00e0y ph\u00f9 h\u1ee3p cho c\u1ea3 ng\u01b0\u1eddi m\u1edbi l\u1eabn ng\u01b0\u1eddi ch\u01a1i gi\u00e0u kinh nghi\u1ec7m. N\u1ebfu b\u1ea1n \u0111ang t\u00ecm ki\u1ebfm m\u1ed9t \u0111\u1ecba ch\u1ec9 \u0111\u00e1ng tin c\u1eady \u0111\u1ec3 theo d\u00f5i k\u00e8o b\u00f3ng \u0111\u00e1 m\u1ed7i ng\u00e0y, <\/span><b>KEONHACAI5<\/b><span style=\"font-weight: 400;\"> ch\u1eafc ch\u1eafn l\u00e0 l\u1ef1a ch\u1ecdn kh\u00f4ng n\u00ean b\u1ecf qua.<\/span><\/p>\n","protected":false},"excerpt":{"rendered":"<p>T\u1ef7 L\u1ec7 K\u00e8o KEONHACAI5 &#8211; Ph\u00e2n T\u00edch Chi Ti\u1ebft Tr\u01b0\u1edbc Khi V\u00e0o K\u00e8o Trong th\u1ebf gi\u1edbi c\u00e1 c\u01b0\u1ee3c b\u00f3ng \u0111\u00e1 tr\u1ef1c tuy\u1ebfn, vi\u1ec7c ti\u1ebfp c\u1eadn ngu\u1ed3n th\u00f4ng tin t\u1ef7 l\u1ec7 k\u00e8o uy t\u00edn v\u00e0 ch\u00ednh x\u00e1c \u0111\u00f3ng vai tr\u00f2 then ch\u1ed1t quy\u1ebft \u0111\u1ecbnh \u0111\u1ebfn hi\u1ec7u qu\u1ea3 soi k\u00e8o c\u1ee7a ng\u01b0\u1eddi ch\u01a1i. Kh\u00f4ng ch\u1ec9 \u0111\u01a1n thu\u1ea7n [&#8230;]\n","protected":false},"author":1,"featured_media":342,"parent":0,"menu_order":0,"comment_status":"closed","ping_status":"closed","template":"","meta":{"footnotes":""},"class_list":["post-46","page","type-page","status-publish","has-post-thumbnail","hentry"],"acf":[],"_links":{"self":[{"href":"https:\/\/www.keonhacai5.immo\/vi-vn\/wp-json\/wp\/v2\/pages\/46","targetHints":{"allow":["GET"]}}],"collection":[{"href":"https:\/\/www.keonhacai5.immo\/vi-vn\/wp-json\/wp\/v2\/pages"}],"about":[{"href":"https:\/\/www.keonhacai5.immo\/vi-vn\/wp-json\/wp\/v2\/types\/page"}],"author":[{"embeddable":true,"href":"https:\/\/www.keonhacai5.immo\/vi-vn\/wp-json\/wp\/v2\/users\/1"}],"replies":[{"embeddable":true,"href":"https:\/\/www.keonhacai5.immo\/vi-vn\/wp-json\/wp\/v2\/comments?post=46"}],"version-history":[{"count":7,"href":"https:\/\/www.keonhacai5.immo\/vi-vn\/wp-json\/wp\/v2\/pages\/46\/revisions"}],"predecessor-version":[{"id":351,"href":"https:\/\/www.keonhacai5.immo\/vi-vn\/wp-json\/wp\/v2\/pages\/46\/revisions\/351"}],"wp:featuredmedia":[{"embeddable":true,"href":"https:\/\/www.keonhacai5.immo\/vi-vn\/wp-json\/wp\/v2\/media\/342"}],"wp:attachment":[{"href":"https:\/\/www.keonhacai5.immo\/vi-vn\/wp-json\/wp\/v2\/media?parent=46"}],"curies":[{"name":"wp","href":"https:\/\/api.w.org\/{rel}","templated":true}]}}