{"id":44,"date":"2026-02-24T16:07:46","date_gmt":"2026-02-24T09:07:46","guid":{"rendered":"https:\/\/keonhacai5.immo\/?page_id=44"},"modified":"2026-03-01T16:11:52","modified_gmt":"2026-03-01T09:11:52","slug":"lich-thi-dau-keonhacai5","status":"publish","type":"page","link":"https:\/\/www.keonhacai5.immo\/vi-vn\/lich-thi-dau-keonhacai5\/","title":{"rendered":"L\u1ecbch Thi \u0110\u1ea5u KEONHACAI5 &#8211; C\u1eadp Nh\u1eadt Nhanh T\u1eebng Ph\u00fat Gi\u00e2y"},"content":{"rendered":"<h1 style=\"text-align: center;\"><b>L\u1ecbch Thi \u0110\u1ea5u KEONHACAI5 &#8211; C\u1eadp Nh\u1eadt Nhanh T\u1eebng Ph\u00fat Gi\u00e2y<\/b><\/h1>\n<p><span style=\"font-weight: 400;\">Trong th\u1ebf gi\u1edbi b\u00f3ng \u0111\u00e1 hi\u1ec7n \u0111\u1ea1i, vi\u1ec7c theo d\u00f5i l\u1ecbch thi \u0111\u1ea5u kh\u00f4ng c\u00f2n \u0111\u01a1n thu\u1ea7n l\u00e0 bi\u1ebft h\u00f4m nay c\u00f3 tr\u1eadn n\u00e0o di\u1ec5n ra. Ng\u01b0\u1eddi h\u00e2m m\u1ed9 ng\u00e0y c\u00e0ng quan t\u00e2m nhi\u1ec1u h\u01a1n \u0111\u1ebfn th\u1eddi gian b\u00f3ng l\u0103n ch\u00ednh x\u00e1c, \u0111\u1ed9i h\u00ecnh ra s\u00e2n d\u1ef1 ki\u1ebfn, phong \u0111\u1ed9 hai \u0111\u1ed9i c\u0169ng nh\u01b0 c\u00e1c th\u00f4ng tin xoay quanh tr\u1eadn \u0111\u1ea5u \u0111\u1ec3 c\u00f3 c\u00e1i nh\u00ecn to\u00e0n di\u1ec7n tr\u01b0\u1edbc gi\u1edd b\u00f3ng l\u0103n. Ch\u00ednh v\u00ec v\u1eady, <\/span><b>l\u1ecbch thi \u0111\u1ea5u <a href=\"https:\/\/keonhacai5.immo\/\">KEONHACAI5<\/a><\/b><span style=\"font-weight: 400;\"> ra \u0111\u1eddi nh\u01b0 m\u1ed9t c\u00f4ng c\u1ee5 h\u1ed7 tr\u1ee3 \u0111\u1eafc l\u1ef1c, gi\u00fap ng\u01b0\u1eddi xem ti\u1ebfp c\u1eadn th\u00f4ng tin b\u00f3ng \u0111\u00e1 m\u1ed9t c\u00e1ch nhanh ch\u00f3ng, r\u00f5 r\u00e0ng v\u00e0 d\u1ec5 theo d\u00f5i. Kh\u00f4ng ch\u1ec9 d\u1eebng l\u1ea1i \u1edf vi\u1ec7c hi\u1ec3n th\u1ecb th\u1eddi gian thi \u0111\u1ea5u, <\/span><b>KEONHACAI5<\/b><span style=\"font-weight: 400;\"> c\u00f2n k\u1ebft h\u1ee3p nhi\u1ec1u d\u1eef li\u1ec7u li\u00ean quan nh\u01b0 th\u1ed1ng k\u00ea, nh\u1eadn \u0111\u1ecbnh v\u00e0 t\u1ef7 l\u1ec7 k\u00e8o, t\u1ea1o n\u00ean m\u1ed9t h\u1ec7 sinh th\u00e1i th\u00f4ng tin th\u1ec3 thao \u0111\u1ea7y \u0111\u1ee7.<\/span><\/p>\n<h2><b>L\u1ecbch thi \u0111\u1ea5u KEONHACAI5 l\u00e0 g\u00ec<\/b><\/h2>\n<p><span style=\"font-weight: 400;\">L\u1ecbch thi \u0111\u1ea5u KEONHACAI5 l\u00e0 chuy\u00ean m\u1ee5c cung c\u1ea5p th\u00f4ng tin th\u1eddi gian thi \u0111\u1ea5u c\u1ee7a c\u00e1c tr\u1eadn b\u00f3ng \u0111\u00e1 di\u1ec5n ra trong ng\u00e0y v\u00e0 c\u00e1c ng\u00e0y s\u1eafp t\u1edbi. N\u1ed9i dung \u0111\u01b0\u1ee3c t\u1ed5ng h\u1ee3p t\u1eeb nhi\u1ec1u gi\u1ea3i \u0111\u1ea5u l\u1edbn nh\u1ecf tr\u00ean to\u00e0n th\u1ebf gi\u1edbi, t\u1eeb b\u00f3ng \u0111\u00e1 ch\u00e2u \u00c2u, ch\u00e2u \u00c1 cho \u0111\u1ebfn c\u00e1c gi\u1ea3i qu\u1ed1c n\u1ed9i.<\/span><\/p>\n<p><span style=\"font-weight: 400;\">\u0110i\u1ec3m n\u1ed5i b\u1eadt c\u1ee7a l\u1ecbch thi \u0111\u1ea5u t\u1ea1i KEONHACAI5 n\u1eb1m \u1edf c\u00e1ch tr\u00ecnh b\u00e0y khoa h\u1ecdc, d\u1ec5 theo d\u00f5i. Ng\u01b0\u1eddi d\u00f9ng c\u00f3 th\u1ec3 nhanh ch\u00f3ng n\u1eafm \u0111\u01b0\u1ee3c c\u1eb7p \u0111\u1ea5u, khung gi\u1edd thi \u0111\u1ea5u, gi\u1ea3i \u0111\u1ea5u v\u00e0 ng\u00e0y di\u1ec5n ra ch\u1ec9 trong v\u00e0i gi\u00e2y. B\u00ean c\u1ea1nh \u0111\u00f3, vi\u1ec7c c\u1eadp nh\u1eadt li\u00ean t\u1ee5c gi\u00fap h\u1ea1n ch\u1ebf t\u1ed1i \u0111a t\u00ecnh tr\u1ea1ng sai l\u1ec7ch th\u00f4ng tin, \u0111\u1eb7c bi\u1ec7t quan tr\u1ecdng v\u1edbi nh\u1eefng ai th\u01b0\u1eddng xuy\u00ean theo d\u00f5i b\u00f3ng \u0111\u00e1 tr\u1ef1c tuy\u1ebfn.<\/span><\/p>\n<figure id=\"attachment_339\" aria-describedby=\"caption-attachment-339\" style=\"width: 800px\" class=\"wp-caption aligncenter\"><img loading=\"lazy\" decoding=\"async\" class=\"size-full wp-image-339\" src=\"https:\/\/keonhacai5.immo\/wp-content\/uploads\/2026\/03\/tim-hieu-chi-tiet-ve-lich-thi-dau-tai-keonhacai5.jpg\" alt=\"T\u00ecm hi\u1ec3u chi ti\u1ebft v\u1ec1 l\u1ecbch thi \u0111\u1ea5u t\u1ea1i KEONHACAI5\" width=\"800\" height=\"400\" title=\"\" srcset=\"https:\/\/www.keonhacai5.immo\/vi-vn\/wp-content\/uploads\/2026\/03\/tim-hieu-chi-tiet-ve-lich-thi-dau-tai-keonhacai5.jpg 800w, https:\/\/www.keonhacai5.immo\/vi-vn\/wp-content\/uploads\/2026\/03\/tim-hieu-chi-tiet-ve-lich-thi-dau-tai-keonhacai5-300x150.jpg 300w, https:\/\/www.keonhacai5.immo\/vi-vn\/wp-content\/uploads\/2026\/03\/tim-hieu-chi-tiet-ve-lich-thi-dau-tai-keonhacai5-768x384.jpg 768w\" sizes=\"auto, (max-width: 800px) 100vw, 800px\" \/><figcaption id=\"caption-attachment-339\" class=\"wp-caption-text\">T\u00ecm hi\u1ec3u chi ti\u1ebft v\u1ec1 l\u1ecbch thi \u0111\u1ea5u t\u1ea1i KEONHACAI5<\/figcaption><\/figure>\n<h2><b>L\u00fd do n\u00ean theo d\u00f5i l\u1ecbch thi \u0111\u1ea5u t\u1ea1i KEONHACAI5<\/b><\/h2>\n<p><span style=\"font-weight: 400;\">\u0110\u1ec3 gi\u00fap b\u1ea1n c\u00f3 c\u00e1i nh\u00ecn r\u00f5 r\u00e0ng h\u01a1n, d\u01b0\u1edbi \u0111\u00e2y l\u00e0 nh\u1eefng \u01b0u \u0111i\u1ec3m n\u1ed5i b\u1eadt khi\u1ebfn chuy\u00ean m\u1ee5c n\u00e0y \u0111\u01b0\u1ee3c \u0111\u00e1nh gi\u00e1 cao.<\/span><\/p>\n<ul>\n<li style=\"font-weight: 400;\" aria-level=\"1\"><b>C\u1eadp nh\u1eadt li\u00ean t\u1ee5c theo th\u1eddi gian th\u1ef1c:<\/b><span style=\"font-weight: 400;\"> L\u1ecbch thi \u0111\u1ea5u tr\u00ean KEONHACAI5 \u0111\u01b0\u1ee3c l\u00e0m m\u1edbi th\u01b0\u1eddng xuy\u00ean, \u0111\u1ea3m b\u1ea3o th\u00f4ng tin lu\u00f4n s\u00e1t v\u1edbi di\u1ec5n bi\u1ebfn th\u1ef1c t\u1ebf. Nh\u1eefng thay \u0111\u1ed5i v\u1ec1 gi\u1edd thi \u0111\u1ea5u ho\u1eb7c l\u1ecbch d\u1eddi tr\u1eadn \u0111\u1ec1u \u0111\u01b0\u1ee3c c\u1eadp nh\u1eadt nhanh ch\u00f3ng.<\/span><\/li>\n<li style=\"font-weight: 400;\" aria-level=\"1\"><b>Bao ph\u1ee7 \u0111a d\u1ea1ng gi\u1ea3i \u0111\u1ea5u:<\/b><span style=\"font-weight: 400;\"> T\u1eeb c\u00e1c gi\u1ea3i \u0111\u1ea5u h\u00e0ng \u0111\u1ea7u nh\u01b0 Ngo\u1ea1i h\u1ea1ng Anh, La Liga, Serie A, Bundesliga cho \u0111\u1ebfn Champions League, Europa League hay c\u00e1c gi\u1ea3i ch\u00e2u \u00c1, t\u1ea5t c\u1ea3 \u0111\u1ec1u c\u00f3 m\u1eb7t \u0111\u1ea7y \u0111\u1ee7.<\/span><\/li>\n<li style=\"font-weight: 400;\" aria-level=\"1\"><b>Tr\u00ecnh b\u00e0y r\u00f5 r\u00e0ng, d\u1ec5 theo d\u00f5i:<\/b><span style=\"font-weight: 400;\"> Giao di\u1ec7n th\u00e2n thi\u1ec7n, b\u1ed1 c\u1ee5c logic gi\u00fap ng\u01b0\u1eddi d\u00f9ng kh\u00f4ng m\u1ea5t nhi\u1ec1u th\u1eddi gian t\u00ecm ki\u1ebfm th\u00f4ng tin tr\u1eadn \u0111\u1ea5u m\u00ecnh quan t\u00e2m.<\/span><\/li>\n<li style=\"font-weight: 400;\" aria-level=\"1\"><b>K\u1ebft h\u1ee3p d\u1eef li\u1ec7u soi k\u00e8o h\u1eefu \u00edch:<\/b><span style=\"font-weight: 400;\"> B\u00ean c\u1ea1nh l\u1ecbch thi \u0111\u1ea5u, ng\u01b0\u1eddi xem c\u00f2n c\u00f3 th\u1ec3 tham kh\u1ea3o th\u00eam <\/span><a href=\"https:\/\/keonhacai5.immo\/ty-le-keo-keonhacai5\/\"><b>t\u1ef7 l\u1ec7 k\u00e8o KEONHACAI5<\/b><\/a><span style=\"font-weight: 400;\"> \u0111\u1ec3 c\u00f3 g\u00f3c nh\u00ecn to\u00e0n di\u1ec7n h\u01a1n tr\u01b0\u1edbc m\u1ed7i tr\u1eadn.<\/span><\/li>\n<\/ul>\n<p><span style=\"font-weight: 400;\">Nh\u1edd nh\u1eefng \u01b0u \u0111i\u1ec3m tr\u00ean, KEONHACAI5 ng\u00e0y c\u00e0ng tr\u1edf th\u00e0nh \u0111\u1ecba ch\u1ec9 quen thu\u1ed9c c\u1ee7a c\u1ed9ng \u0111\u1ed3ng y\u00eau b\u00f3ng \u0111\u00e1. Ti\u1ebfp theo, h\u00e3y c\u00f9ng t\u00ecm hi\u1ec3u nh\u1eefng gi\u1ea3i \u0111\u1ea5u n\u1ed5i b\u1eadt th\u01b0\u1eddng xuy\u00ean xu\u1ea5t hi\u1ec7n trong l\u1ecbch thi \u0111\u1ea5u.<\/span><\/p>\n<h2><b>C\u00e1c gi\u1ea3i \u0111\u1ea5u n\u1ed5i b\u1eadt tr\u00ean l\u1ecbch thi \u0111\u1ea5u KEONHACAI5<\/b><\/h2>\n<p><span style=\"font-weight: 400;\">Kh\u00f4ng ch\u1ec9 t\u1eadp trung v\u00e0o m\u1ed9t v\u00e0i gi\u1ea3i \u0111\u1ea5u nh\u1ea5t \u0111\u1ecbnh, KEONHACAI5 mang \u0111\u1ebfn c\u00e1i nh\u00ecn to\u00e0n c\u1ea3nh v\u1ec1 b\u00f3ng \u0111\u00e1 th\u1ebf gi\u1edbi th\u00f4ng qua danh s\u00e1ch gi\u1ea3i \u0111\u1ea5u phong ph\u00fa.<\/span><\/p>\n<ul>\n<li style=\"font-weight: 400;\" aria-level=\"1\"><b>Gi\u1ea3i \u0111\u1ea5u ch\u00e2u \u00c2u h\u00e0ng \u0111\u1ea7u:<\/b><span style=\"font-weight: 400;\"> Ngo\u1ea1i h\u1ea1ng Anh, La Liga, Serie A, Bundesliga v\u00e0 Ligue 1 lu\u00f4n \u0111\u01b0\u1ee3c c\u1eadp nh\u1eadt \u0111\u1ea7y \u0111\u1ee7 v\u1edbi l\u1ecbch thi \u0111\u1ea5u chi ti\u1ebft t\u1eebng v\u00f2ng.<\/span><\/li>\n<li style=\"font-weight: 400;\" aria-level=\"1\"><b>C\u00fap ch\u00e2u l\u1ee5c v\u00e0 qu\u1ed1c t\u1ebf:<\/b><span style=\"font-weight: 400;\"> Champions League, Europa League, World Cup, Euro hay Copa America \u0111\u1ec1u \u0111\u01b0\u1ee3c hi\u1ec3n th\u1ecb r\u00f5 r\u00e0ng theo t\u1eebng giai \u0111o\u1ea1n.<\/span><\/li>\n<li style=\"font-weight: 400;\" aria-level=\"1\"><b>Gi\u1ea3i \u0111\u1ea5u khu v\u1ef1c v\u00e0 qu\u1ed1c n\u1ed9i:<\/b><span style=\"font-weight: 400;\"> C\u00e1c gi\u1ea3i ch\u00e2u \u00c1, \u0110\u00f4ng Nam \u00c1 hay V-League c\u0169ng g\u00f3p m\u1eb7t, \u0111\u00e1p \u1ee9ng nhu c\u1ea7u theo d\u00f5i c\u1ee7a \u0111\u00f4ng \u0111\u1ea3o ng\u01b0\u1eddi h\u00e2m m\u1ed9 Vi\u1ec7t Nam.<\/span><\/li>\n<\/ul>\n<p><span style=\"font-weight: 400;\">Nh\u1edd \u0111\u00f3, ng\u01b0\u1eddi d\u00f9ng c\u00f3 th\u1ec3 d\u1ec5 d\u00e0ng l\u1eadp k\u1ebf ho\u1ea1ch theo d\u00f5i c\u00e1c tr\u1eadn c\u1ea7u y\u00eau th\u00edch m\u00e0 kh\u00f4ng b\u1ecf l\u1ee1 b\u1ea5t k\u1ef3 cu\u1ed9c \u0111\u1ed1i \u0111\u1ea7u h\u1ea5p d\u1eabn n\u00e0o. Sau khi n\u1eafm \u0111\u01b0\u1ee3c gi\u1ea3i \u0111\u1ea5u, vi\u1ec7c s\u1eed d\u1ee5ng l\u1ecbch thi \u0111\u1ea5u sao cho hi\u1ec7u qu\u1ea3 c\u0169ng l\u00e0 \u0111i\u1ec1u r\u1ea5t quan tr\u1ecdng.<\/span><\/p>\n<h2><b>L\u1ee3i \u00edch khi k\u1ebft h\u1ee3p l\u1ecbch thi \u0111\u1ea5u v\u00e0 t\u1ef7 l\u1ec7 k\u00e8o KEONHACAI5<\/b><\/h2>\n<p><span style=\"font-weight: 400;\">M\u1ed9t trong nh\u1eefng \u0111i\u1ec3m m\u1ea1nh c\u1ee7a KEONHACAI5 l\u00e0 kh\u1ea3 n\u0103ng k\u1ebft h\u1ee3p nhi\u1ec1u d\u1eef li\u1ec7u li\u00ean quan trong c\u00f9ng m\u1ed9t n\u1ec1n t\u1ea3ng.<\/span><\/p>\n<ul>\n<li style=\"font-weight: 400;\" aria-level=\"1\"><b>D\u1ec5 d\u00e0ng \u0111\u00e1nh gi\u00e1 tr\u1eadn \u0111\u1ea5u:<\/b><span style=\"font-weight: 400;\"> Khi xem l\u1ecbch thi \u0111\u1ea5u k\u00e8m theo t\u1ef7 l\u1ec7 k\u00e8o KEONHACAI5, ng\u01b0\u1eddi xem c\u00f3 th\u00eam c\u01a1 s\u1edf \u0111\u1ec3 nh\u1eadn \u0111\u1ecbnh tr\u1eadn \u0111\u1ea5u m\u1ed9t c\u00e1ch kh\u00e1ch quan.<\/span><\/li>\n<li style=\"font-weight: 400;\" aria-level=\"1\"><b>Ti\u1ebft ki\u1ec7m th\u1eddi gian t\u00ecm ki\u1ebfm th\u00f4ng tin:<\/b><span style=\"font-weight: 400;\"> Thay v\u00ec ph\u1ea3i truy c\u1eadp nhi\u1ec1u ngu\u1ed3n kh\u00e1c nhau, b\u1ea1n ch\u1ec9 c\u1ea7n theo d\u00f5i t\u1ea1i KEONHACAI5 l\u00e0 \u0111\u00e3 c\u00f3 \u0111\u1ea7y \u0111\u1ee7 th\u00f4ng tin c\u1ea7n thi\u1ebft.<\/span><\/li>\n<li style=\"font-weight: 400;\" aria-level=\"1\"><b>N\u00e2ng cao tr\u1ea3i nghi\u1ec7m theo d\u00f5i b\u00f3ng \u0111\u00e1:<\/b><span style=\"font-weight: 400;\"> Vi\u1ec7c n\u1eafm r\u00f5 l\u1ecbch v\u00e0 c\u00e1c ch\u1ec9 s\u1ed1 li\u00ean quan gi\u00fap m\u1ed7i tr\u1eadn \u0111\u1ea5u tr\u1edf n\u00ean h\u1ea5p d\u1eabn v\u00e0 d\u1ec5 theo d\u00f5i h\u01a1n.<\/span><\/li>\n<\/ul>\n<p><span style=\"font-weight: 400;\">S\u1ef1 k\u1ebft h\u1ee3p n\u00e0y kh\u00f4ng ch\u1ec9 ph\u00f9 h\u1ee3p v\u1edbi ng\u01b0\u1eddi ch\u01a1i c\u00e1 c\u01b0\u1ee3c m\u00e0 c\u00f2n h\u1eefu \u00edch cho c\u1ea3 nh\u1eefng ai \u0111\u01a1n thu\u1ea7n y\u00eau th\u00edch b\u00f3ng \u0111\u00e1 v\u00e0 mu\u1ed1n c\u1eadp nh\u1eadt th\u00f4ng tin chuy\u00ean s\u00e2u.<\/span><\/p>\n<h2><b>L\u1ebft lu\u1eadn<\/b><\/h2>\n<p><span style=\"font-weight: 400;\">V\u1edbi kh\u1ea3 n\u0103ng c\u1eadp nh\u1eadt nhanh, \u0111\u1ed9 ch\u00ednh x\u00e1c cao v\u00e0 bao ph\u1ee7 \u0111a d\u1ea1ng gi\u1ea3i \u0111\u1ea5u, <\/span><a href=\"https:\/\/keonhacai5.immo\/lich-thi-dau-keonhacai5\/\"><b>l\u1ecbch thi \u0111\u1ea5u KEONHACAI5<\/b><\/a><span style=\"font-weight: 400;\"> \u0111ang ng\u00e0y c\u00e0ng kh\u1eb3ng \u0111\u1ecbnh vai tr\u00f2 quan tr\u1ecdng trong vi\u1ec7c cung c\u1ea5p th\u00f4ng tin b\u00f3ng \u0111\u00e1 tr\u1ef1c tuy\u1ebfn. Kh\u00f4ng ch\u1ec9 gi\u00fap ng\u01b0\u1eddi h\u00e2m m\u1ed9 n\u1eafm b\u1eaft th\u1eddi gian thi \u0111\u1ea5u, n\u1ec1n t\u1ea3ng n\u00e0y c\u00f2n mang \u0111\u1ebfn nhi\u1ec1u d\u1eef li\u1ec7u gi\u00e1 tr\u1ecb nh\u01b0 nh\u1eadn \u0111\u1ecbnh v\u00e0 t\u1ef7 l\u1ec7 k\u00e8o, h\u1ed7 tr\u1ee3 theo d\u00f5i tr\u1eadn \u0111\u1ea5u m\u1ed9t c\u00e1ch to\u00e0n di\u1ec7n. N\u1ebfu b\u1ea1n \u0111ang t\u00ecm ki\u1ebfm m\u1ed9t \u0111\u1ecba ch\u1ec9 \u0111\u00e1ng tin c\u1eady \u0111\u1ec3 c\u1eadp nh\u1eadt l\u1ecbch b\u00f3ng \u0111\u00e1 m\u1ed7i ng\u00e0y, <\/span><b>KEONHACAI5<\/b><span style=\"font-weight: 400;\"> ch\u1eafc ch\u1eafn l\u00e0 l\u1ef1a ch\u1ecdn kh\u00f4ng n\u00ean b\u1ecf qua.<\/span><\/p>\n","protected":false},"excerpt":{"rendered":"<p>L\u1ecbch Thi \u0110\u1ea5u KEONHACAI5 &#8211; C\u1eadp Nh\u1eadt Nhanh T\u1eebng Ph\u00fat Gi\u00e2y Trong th\u1ebf gi\u1edbi b\u00f3ng \u0111\u00e1 hi\u1ec7n \u0111\u1ea1i, vi\u1ec7c theo d\u00f5i l\u1ecbch thi \u0111\u1ea5u kh\u00f4ng c\u00f2n \u0111\u01a1n thu\u1ea7n l\u00e0 bi\u1ebft h\u00f4m nay c\u00f3 tr\u1eadn n\u00e0o di\u1ec5n ra. Ng\u01b0\u1eddi h\u00e2m m\u1ed9 ng\u00e0y c\u00e0ng quan t\u00e2m nhi\u1ec1u h\u01a1n \u0111\u1ebfn th\u1eddi gian b\u00f3ng l\u0103n ch\u00ednh x\u00e1c, \u0111\u1ed9i h\u00ecnh [&#8230;]\n","protected":false},"author":1,"featured_media":338,"parent":0,"menu_order":0,"comment_status":"closed","ping_status":"closed","template":"","meta":{"footnotes":""},"class_list":["post-44","page","type-page","status-publish","has-post-thumbnail","hentry"],"acf":[],"_links":{"self":[{"href":"https:\/\/www.keonhacai5.immo\/vi-vn\/wp-json\/wp\/v2\/pages\/44","targetHints":{"allow":["GET"]}}],"collection":[{"href":"https:\/\/www.keonhacai5.immo\/vi-vn\/wp-json\/wp\/v2\/pages"}],"about":[{"href":"https:\/\/www.keonhacai5.immo\/vi-vn\/wp-json\/wp\/v2\/types\/page"}],"author":[{"embeddable":true,"href":"https:\/\/www.keonhacai5.immo\/vi-vn\/wp-json\/wp\/v2\/users\/1"}],"replies":[{"embeddable":true,"href":"https:\/\/www.keonhacai5.immo\/vi-vn\/wp-json\/wp\/v2\/comments?post=44"}],"version-history":[{"count":6,"href":"https:\/\/www.keonhacai5.immo\/vi-vn\/wp-json\/wp\/v2\/pages\/44\/revisions"}],"predecessor-version":[{"id":350,"href":"https:\/\/www.keonhacai5.immo\/vi-vn\/wp-json\/wp\/v2\/pages\/44\/revisions\/350"}],"wp:featuredmedia":[{"embeddable":true,"href":"https:\/\/www.keonhacai5.immo\/vi-vn\/wp-json\/wp\/v2\/media\/338"}],"wp:attachment":[{"href":"https:\/\/www.keonhacai5.immo\/vi-vn\/wp-json\/wp\/v2\/media?parent=44"}],"curies":[{"name":"wp","href":"https:\/\/api.w.org\/{rel}","templated":true}]}}